{"id":3166,"date":"2025-06-23T16:30:06","date_gmt":"2025-06-23T09:30:06","guid":{"rendered":"https:\/\/handmadeshop.vn\/?post_type=product&#038;p=3166"},"modified":"2026-04-11T09:08:02","modified_gmt":"2026-04-11T02:08:02","slug":"bb05-bup-be-len-ellie-handmade","status":"publish","type":"product","link":"https:\/\/handmadeshop.vn\/en\/product\/san-pham-tu-len\/bup-be-len-handmade\/bb05-bup-be-len-ellie-handmade\/","title":{"rendered":"BB05 B\u00fap B\u00ea Len Ellie Handmade"},"content":{"rendered":"","protected":false},"excerpt":{"rendered":"<p>BB05 B\u00fap B\u00ea Len Ellie Handmade<\/p>\n<p>Ch\u1ea5t li\u1ec7u: <span data-sheets-root=\"1\">Len milk cotton, len milk b\u00f2, b\u00f4ng g\u00f2n<\/span><\/p>\n<p>Ki\u1ec3u: Handmade<\/p>\n<p>K\u00edch th\u01b0\u1edbc: 24 x 10<span data-sheets-root=\"1\">\u00a0cm<\/span><\/p>\n<p>M\u00e3 s\u1ea3n ph\u1ea9m: BB04<\/p>\n<p>N\u01a1i s\u1ea3n xu\u1ea5t: Handmade Shop<\/p>","protected":false},"featured_media":3167,"comment_status":"open","ping_status":"closed","template":"","meta":[],"product_brand":[],"product_cat":[191],"product_tag":[81,78,53,54,80,77,181,95],"class_list":{"0":"post-3166","1":"product","2":"type-product","3":"status-publish","4":"has-post-thumbnail","6":"product_cat-bup-be-len-handmade","7":"product_tag-chat-lieu-len","8":"product_tag-dong-vat","9":"product_tag-handmade","10":"product_tag-handmade-shop","11":"product_tag-len","12":"product_tag-thu-bong","13":"product_tag-thu-bong-handmade","14":"product_tag-thu-bong-len","17":"instock","18":"featured","19":"shipping-taxable","20":"product-type-simple","21":"product-grid-view"},"_links":{"self":[{"href":"https:\/\/handmadeshop.vn\/en\/wp-json\/wp\/v2\/product\/3166","targetHints":{"allow":["GET"]}}],"collection":[{"href":"https:\/\/handmadeshop.vn\/en\/wp-json\/wp\/v2\/product"}],"about":[{"href":"https:\/\/handmadeshop.vn\/en\/wp-json\/wp\/v2\/types\/product"}],"replies":[{"embeddable":true,"href":"https:\/\/handmadeshop.vn\/en\/wp-json\/wp\/v2\/comments?post=3166"}],"wp:featuredmedia":[{"embeddable":true,"href":"https:\/\/handmadeshop.vn\/en\/wp-json\/wp\/v2\/media\/3167"}],"wp:attachment":[{"href":"https:\/\/handmadeshop.vn\/en\/wp-json\/wp\/v2\/media?parent=3166"}],"wp:term":[{"taxonomy":"product_brand","embeddable":true,"href":"https:\/\/handmadeshop.vn\/en\/wp-json\/wp\/v2\/product_brand?post=3166"},{"taxonomy":"product_cat","embeddable":true,"href":"https:\/\/handmadeshop.vn\/en\/wp-json\/wp\/v2\/product_cat?post=3166"},{"taxonomy":"product_tag","embeddable":true,"href":"https:\/\/handmadeshop.vn\/en\/wp-json\/wp\/v2\/product_tag?post=3166"}],"curies":[{"name":"wp","href":"https:\/\/api.w.org\/{rel}","templated":true}]}}