{"id":3146,"date":"2025-06-23T16:17:20","date_gmt":"2025-06-23T09:17:20","guid":{"rendered":"https:\/\/handmadeshop.vn\/?post_type=product&#038;p=3146"},"modified":"2026-04-10T05:48:42","modified_gmt":"2026-04-09T22:48:42","slug":"mck0014-moc-chia-khoa-doggy","status":"publish","type":"product","link":"https:\/\/handmadeshop.vn\/en\/product\/san-pham-tu-len\/moc-chia-khoa-len\/mck0014-moc-chia-khoa-doggy\/","title":{"rendered":"MCK0014 M\u00f3c Ch\u00eca Kh\u00f3a Doggy"},"content":{"rendered":"","protected":false},"excerpt":{"rendered":"<p>MCK0014 M\u00f3c Ch\u00eca Kh\u00f3a Doggy<\/p>\n<p>Ch\u1ea5t li\u1ec7u: Len, b\u00f4ng<\/p>\n<p>Ki\u1ec3u: Handmade<\/p>\n<p>K\u00edch th\u01b0\u1edbc: 13 x 7 cm<\/p>\n<p>M\u00e3 s\u1ea3n ph\u1ea9m: MCK0013<\/p>\n<p>N\u01a1i s\u1ea3n xu\u1ea5t: Handmade Shop<\/p>","protected":false},"featured_media":3152,"comment_status":"open","ping_status":"closed","template":"","meta":[],"product_brand":[],"product_cat":[39],"product_tag":[81,53,54,80,194],"class_list":{"0":"post-3146","1":"product","2":"type-product","3":"status-publish","4":"has-post-thumbnail","6":"product_cat-moc-chia-khoa-len","7":"product_tag-chat-lieu-len","8":"product_tag-handmade","9":"product_tag-handmade-shop","10":"product_tag-len","11":"product_tag-moc-chia-khoa","14":"instock","15":"featured","16":"shipping-taxable","17":"product-type-variable","18":"product-grid-view"},"_links":{"self":[{"href":"https:\/\/handmadeshop.vn\/en\/wp-json\/wp\/v2\/product\/3146","targetHints":{"allow":["GET"]}}],"collection":[{"href":"https:\/\/handmadeshop.vn\/en\/wp-json\/wp\/v2\/product"}],"about":[{"href":"https:\/\/handmadeshop.vn\/en\/wp-json\/wp\/v2\/types\/product"}],"replies":[{"embeddable":true,"href":"https:\/\/handmadeshop.vn\/en\/wp-json\/wp\/v2\/comments?post=3146"}],"wp:featuredmedia":[{"embeddable":true,"href":"https:\/\/handmadeshop.vn\/en\/wp-json\/wp\/v2\/media\/3152"}],"wp:attachment":[{"href":"https:\/\/handmadeshop.vn\/en\/wp-json\/wp\/v2\/media?parent=3146"}],"wp:term":[{"taxonomy":"product_brand","embeddable":true,"href":"https:\/\/handmadeshop.vn\/en\/wp-json\/wp\/v2\/product_brand?post=3146"},{"taxonomy":"product_cat","embeddable":true,"href":"https:\/\/handmadeshop.vn\/en\/wp-json\/wp\/v2\/product_cat?post=3146"},{"taxonomy":"product_tag","embeddable":true,"href":"https:\/\/handmadeshop.vn\/en\/wp-json\/wp\/v2\/product_tag?post=3146"}],"curies":[{"name":"wp","href":"https:\/\/api.w.org\/{rel}","templated":true}]}}