{"id":3075,"date":"2025-06-19T17:43:02","date_gmt":"2025-06-19T10:43:02","guid":{"rendered":"https:\/\/handmadeshop.vn\/?post_type=product&#038;p=3075"},"modified":"2025-10-06T14:09:14","modified_gmt":"2025-10-06T07:09:14","slug":"mck0011-moc-chia-khoa-tho-mindi-handmade","status":"publish","type":"product","link":"https:\/\/handmadeshop.vn\/en\/product\/san-pham-tu-len\/moc-chia-khoa-len\/mck0011-moc-chia-khoa-tho-mindi-handmade\/","title":{"rendered":"MCK0011 M\u00f3c Ch\u00eca Kh\u00f3a Th\u1ecf Mindi Handmade"},"content":{"rendered":"","protected":false},"excerpt":{"rendered":"<p>MCK0011 M\u00f3c Ch\u00eca Kh\u00f3a Th\u1ecf Mindi Handmade<\/p>\n<p>Ch\u1ea5t li\u1ec7u: Len, b\u00f4ng<\/p>\n<p>Ki\u1ec3u: Handmade<\/p>\n<p>K\u00edch th\u01b0\u1edbc: 12 x 9cm<\/p>\n<p>M\u00e3 s\u1ea3n ph\u1ea9m: MCK008<\/p>\n<p>N\u01a1i s\u1ea3n xu\u1ea5t: Handmade Shop<\/p>","protected":false},"featured_media":3091,"comment_status":"open","ping_status":"closed","template":"","meta":[],"product_brand":[],"product_cat":[39],"product_tag":[81,53,54,80,194],"class_list":{"0":"post-3075","1":"product","2":"type-product","3":"status-publish","4":"has-post-thumbnail","6":"product_cat-moc-chia-khoa-len","7":"product_tag-chat-lieu-len","8":"product_tag-handmade","9":"product_tag-handmade-shop","10":"product_tag-len","11":"product_tag-moc-chia-khoa","14":"instock","15":"featured","16":"shipping-taxable","17":"product-type-variable","18":"product-grid-view"},"_links":{"self":[{"href":"https:\/\/handmadeshop.vn\/en\/wp-json\/wp\/v2\/product\/3075","targetHints":{"allow":["GET"]}}],"collection":[{"href":"https:\/\/handmadeshop.vn\/en\/wp-json\/wp\/v2\/product"}],"about":[{"href":"https:\/\/handmadeshop.vn\/en\/wp-json\/wp\/v2\/types\/product"}],"replies":[{"embeddable":true,"href":"https:\/\/handmadeshop.vn\/en\/wp-json\/wp\/v2\/comments?post=3075"}],"wp:featuredmedia":[{"embeddable":true,"href":"https:\/\/handmadeshop.vn\/en\/wp-json\/wp\/v2\/media\/3091"}],"wp:attachment":[{"href":"https:\/\/handmadeshop.vn\/en\/wp-json\/wp\/v2\/media?parent=3075"}],"wp:term":[{"taxonomy":"product_brand","embeddable":true,"href":"https:\/\/handmadeshop.vn\/en\/wp-json\/wp\/v2\/product_brand?post=3075"},{"taxonomy":"product_cat","embeddable":true,"href":"https:\/\/handmadeshop.vn\/en\/wp-json\/wp\/v2\/product_cat?post=3075"},{"taxonomy":"product_tag","embeddable":true,"href":"https:\/\/handmadeshop.vn\/en\/wp-json\/wp\/v2\/product_tag?post=3075"}],"curies":[{"name":"wp","href":"https:\/\/api.w.org\/{rel}","templated":true}]}}