{"id":2801,"date":"2025-04-22T10:43:58","date_gmt":"2025-04-22T03:43:58","guid":{"rendered":"https:\/\/handmadeshop.vn\/?post_type=product&#038;p=2801"},"modified":"2025-10-06T14:10:11","modified_gmt":"2025-10-06T07:10:11","slug":"mck008-moc-chia-khoa-bang-len-handmade","status":"publish","type":"product","link":"https:\/\/handmadeshop.vn\/en\/product\/san-pham-tu-len\/moc-chia-khoa-len\/mck008-moc-chia-khoa-bang-len-handmade\/","title":{"rendered":"MCK008 M\u00f3c Ch\u00eca Kh\u00f3a B\u00fap b\u00ea Handmade"},"content":{"rendered":"","protected":false},"excerpt":{"rendered":"<p>M\u00f3c Ch\u00eca Kh\u00f3a B\u1eb1ng Len Handmade &#8211; Handmade Shop MCK008<\/p>\n<p>Ch\u1ea5t li\u1ec7u: Len<\/p>\n<p>Ki\u1ec3u: Handmade<\/p>\n<p>K\u00edch th\u01b0\u1edbc: 12 x 9cm<\/p>\n<p>M\u00e3 s\u1ea3n ph\u1ea9m: MCK008<\/p>\n<p>N\u01a1i s\u1ea3n xu\u1ea5t: Handmade Shop<\/p>","protected":false},"featured_media":3067,"comment_status":"open","ping_status":"closed","template":"","meta":[],"product_brand":[],"product_cat":[39],"product_tag":[81,53,54,80,194],"class_list":{"0":"post-2801","1":"product","2":"type-product","3":"status-publish","4":"has-post-thumbnail","6":"product_cat-moc-chia-khoa-len","7":"product_tag-chat-lieu-len","8":"product_tag-handmade","9":"product_tag-handmade-shop","10":"product_tag-len","11":"product_tag-moc-chia-khoa","14":"instock","15":"shipping-taxable","16":"product-type-variable","17":"product-grid-view"},"_links":{"self":[{"href":"https:\/\/handmadeshop.vn\/en\/wp-json\/wp\/v2\/product\/2801","targetHints":{"allow":["GET"]}}],"collection":[{"href":"https:\/\/handmadeshop.vn\/en\/wp-json\/wp\/v2\/product"}],"about":[{"href":"https:\/\/handmadeshop.vn\/en\/wp-json\/wp\/v2\/types\/product"}],"replies":[{"embeddable":true,"href":"https:\/\/handmadeshop.vn\/en\/wp-json\/wp\/v2\/comments?post=2801"}],"wp:featuredmedia":[{"embeddable":true,"href":"https:\/\/handmadeshop.vn\/en\/wp-json\/wp\/v2\/media\/3067"}],"wp:attachment":[{"href":"https:\/\/handmadeshop.vn\/en\/wp-json\/wp\/v2\/media?parent=2801"}],"wp:term":[{"taxonomy":"product_brand","embeddable":true,"href":"https:\/\/handmadeshop.vn\/en\/wp-json\/wp\/v2\/product_brand?post=2801"},{"taxonomy":"product_cat","embeddable":true,"href":"https:\/\/handmadeshop.vn\/en\/wp-json\/wp\/v2\/product_cat?post=2801"},{"taxonomy":"product_tag","embeddable":true,"href":"https:\/\/handmadeshop.vn\/en\/wp-json\/wp\/v2\/product_tag?post=2801"}],"curies":[{"name":"wp","href":"https:\/\/api.w.org\/{rel}","templated":true}]}}