{"id":2635,"date":"2025-03-03T02:48:58","date_gmt":"2025-03-02T19:48:58","guid":{"rendered":"https:\/\/handmadeshop.vn\/?post_type=product&#038;p=2635"},"modified":"2025-10-06T14:14:08","modified_gmt":"2025-10-06T07:14:08","slug":"mck009-moc-chia-khoa-bang-len-handmade-handmade-shop","status":"publish","type":"product","link":"https:\/\/handmadeshop.vn\/en\/product\/san-pham-tu-len\/moc-chia-khoa-len\/mck009-moc-chia-khoa-bang-len-handmade-handmade-shop\/","title":{"rendered":"MCK009 M\u00f3c Ch\u00eca Kh\u00f3a B\u1eb1ng Len Handmade \u2013 Handmade Shop"},"content":{"rendered":"","protected":false},"excerpt":{"rendered":"<p>M\u00f3c Ch\u00eca Kh\u00f3a B\u1eb1ng Len Handmade &#8211; Handmade Shop MCK009<\/p>\n<p>Ch\u1ea5t li\u1ec7u: Len<\/p>\n<p>Ki\u1ec3u: Handmade<\/p>\n<p>K\u00edch th\u01b0\u1edbc: 7&#215;5 cm<\/p>\n<p>M\u00e3 s\u1ea3n ph\u1ea9m: MCK009<\/p>\n<p>N\u01a1i s\u1ea3n xu\u1ea5t: Handmade Shop<\/p>","protected":false},"featured_media":2636,"comment_status":"open","ping_status":"closed","template":"","meta":[],"product_brand":[],"product_cat":[39],"product_tag":[81,53,54,80,194],"class_list":{"0":"post-2635","1":"product","2":"type-product","3":"status-publish","4":"has-post-thumbnail","6":"product_cat-moc-chia-khoa-len","7":"product_tag-chat-lieu-len","8":"product_tag-handmade","9":"product_tag-handmade-shop","10":"product_tag-len","11":"product_tag-moc-chia-khoa","14":"instock","15":"shipping-taxable","16":"product-type-simple","17":"product-grid-view"},"_links":{"self":[{"href":"https:\/\/handmadeshop.vn\/en\/wp-json\/wp\/v2\/product\/2635","targetHints":{"allow":["GET"]}}],"collection":[{"href":"https:\/\/handmadeshop.vn\/en\/wp-json\/wp\/v2\/product"}],"about":[{"href":"https:\/\/handmadeshop.vn\/en\/wp-json\/wp\/v2\/types\/product"}],"replies":[{"embeddable":true,"href":"https:\/\/handmadeshop.vn\/en\/wp-json\/wp\/v2\/comments?post=2635"}],"wp:featuredmedia":[{"embeddable":true,"href":"https:\/\/handmadeshop.vn\/en\/wp-json\/wp\/v2\/media\/2636"}],"wp:attachment":[{"href":"https:\/\/handmadeshop.vn\/en\/wp-json\/wp\/v2\/media?parent=2635"}],"wp:term":[{"taxonomy":"product_brand","embeddable":true,"href":"https:\/\/handmadeshop.vn\/en\/wp-json\/wp\/v2\/product_brand?post=2635"},{"taxonomy":"product_cat","embeddable":true,"href":"https:\/\/handmadeshop.vn\/en\/wp-json\/wp\/v2\/product_cat?post=2635"},{"taxonomy":"product_tag","embeddable":true,"href":"https:\/\/handmadeshop.vn\/en\/wp-json\/wp\/v2\/product_tag?post=2635"}],"curies":[{"name":"wp","href":"https:\/\/api.w.org\/{rel}","templated":true}]}}