{"id":2248,"date":"2025-02-02T16:57:30","date_gmt":"2025-02-02T09:57:30","guid":{"rendered":"https:\/\/handmadeshop.vn\/?post_type=product&#038;p=2248"},"modified":"2025-02-23T14:19:10","modified_gmt":"2025-02-23T07:19:10","slug":"bang-do-tho-cam-handmade-bang-do-tho-cam-handmade-shop-bd001","status":"publish","type":"product","link":"https:\/\/handmadeshop.vn\/en\/product\/tho-cam\/phu-kien-tho-cam\/bang-do-tho-cam-handmade-bang-do-tho-cam-handmade-shop-bd001\/","title":{"rendered":"Handmade Brocade Headband \u2013 Handmade Shop BD001"},"content":{"rendered":"","protected":false},"excerpt":{"rendered":"<p>B\u0103ng \u0110\u00f4 Th\u1ed5 C\u1ea9m Handmade \u2013 Handmade Shop BD001<\/p>\n<p>Ch\u1ea5t li\u1ec7u: Th\u1ed5 c\u1ea9m Vi\u1ec7t Nam<\/p>\n<p>Ki\u1ec3u: Handmade<\/p>\n<p>K\u00edch th\u01b0\u1edbc:<\/p>\n<p>M\u00e3 s\u1ea3n ph\u1ea9m: BD001<\/p>\n<p>N\u01a1i s\u1ea3n xu\u1ea5t: Handmade Shop<\/p>","protected":false},"featured_media":2251,"comment_status":"open","ping_status":"closed","template":"","meta":[],"product_brand":[],"product_cat":[49],"product_tag":[88,53,54,173,174,52],"class_list":{"0":"post-2248","1":"product","2":"type-product","3":"status-publish","4":"has-post-thumbnail","6":"product_cat-phu-kien-tho-cam","7":"product_tag-chat-lieu-tho-cam","8":"product_tag-handmade","9":"product_tag-handmade-shop","10":"product_tag-phu-kien","11":"product_tag-phu-kien-tho-cam","12":"product_tag-tho-cam","15":"instock","16":"shipping-taxable","17":"purchasable","18":"product-type-variable","19":"product-grid-view"},"_links":{"self":[{"href":"https:\/\/handmadeshop.vn\/en\/wp-json\/wp\/v2\/product\/2248","targetHints":{"allow":["GET"]}}],"collection":[{"href":"https:\/\/handmadeshop.vn\/en\/wp-json\/wp\/v2\/product"}],"about":[{"href":"https:\/\/handmadeshop.vn\/en\/wp-json\/wp\/v2\/types\/product"}],"replies":[{"embeddable":true,"href":"https:\/\/handmadeshop.vn\/en\/wp-json\/wp\/v2\/comments?post=2248"}],"wp:featuredmedia":[{"embeddable":true,"href":"https:\/\/handmadeshop.vn\/en\/wp-json\/wp\/v2\/media\/2251"}],"wp:attachment":[{"href":"https:\/\/handmadeshop.vn\/en\/wp-json\/wp\/v2\/media?parent=2248"}],"wp:term":[{"taxonomy":"product_brand","embeddable":true,"href":"https:\/\/handmadeshop.vn\/en\/wp-json\/wp\/v2\/product_brand?post=2248"},{"taxonomy":"product_cat","embeddable":true,"href":"https:\/\/handmadeshop.vn\/en\/wp-json\/wp\/v2\/product_cat?post=2248"},{"taxonomy":"product_tag","embeddable":true,"href":"https:\/\/handmadeshop.vn\/en\/wp-json\/wp\/v2\/product_tag?post=2248"}],"curies":[{"name":"wp","href":"https:\/\/api.w.org\/{rel}","templated":true}]}}