{"id":1981,"date":"2025-01-23T21:02:53","date_gmt":"2025-01-23T13:02:53","guid":{"rendered":"https:\/\/handmadeshop.vn\/?post_type=product&#038;p=1981"},"modified":"2025-01-23T21:48:53","modified_gmt":"2025-01-23T13:48:53","slug":"thu-bong-len-handmade-tho-dang-yeu-nhieu-mau-sac-handmade-shop-tb003","status":"publish","type":"product","link":"https:\/\/handmadeshop.vn\/en\/product\/san-pham-tu-len\/thu-bong-len\/thu-bong-len-handmade-tho-dang-yeu-nhieu-mau-sac-handmade-shop-tb003\/","title":{"rendered":"Th\u00fa B\u00f4ng Len Handmade Th\u1ecf \u0110\u00e1ng Y\u00eau Nhi\u1ec1u M\u00e0u S\u1eafc &#8211; Handmade Shop TB003"},"content":{"rendered":"<p>Th\u00fa B\u00f4ng Len Handmade Th\u1ecf Th\u00fa B\u00f4ng \u0110\u00e1ng Y\u00eau<\/p>\n<p>Ch\u1ea5t li\u1ec7u: <span data-sheets-root=\"1\">Len milk cotton, len milk b\u00f2, b\u00f4ng g\u00f2n<\/span><\/p>\n<p>Ki\u1ec3u: Handmade<\/p>\n<p>K\u00edch th\u01b0\u1edbc: 22 x 25 cm<\/p>\n<p>M\u00e3 s\u1ea3n ph\u1ea9m: TB003<\/p>\n<p>N\u01a1i s\u1ea3n xu\u1ea5t: Handmade Shop<\/p>","protected":false},"excerpt":{"rendered":"<p>Th\u00fa B\u00f4ng Len Handmade Th\u1ecf Th\u00fa B\u00f4ng \u0110\u00e1ng Y\u00eau Ch\u1ea5t li\u1ec7u: Len milk cotton, len milk b\u00f2, b\u00f4ng g\u00f2n Ki\u1ec3u: Handmade K\u00edch th\u01b0\u1edbc: 22 x 25 cm M\u00e3 s\u1ea3n ph\u1ea9m: TB003 N\u01a1i s\u1ea3n xu\u1ea5t: Handmade Shop<\/p>","protected":false},"featured_media":2012,"comment_status":"open","ping_status":"closed","template":"","meta":[],"product_brand":[],"product_cat":[38],"product_tag":[82,81,78,53,54,80,77,95],"class_list":{"0":"post-1981","1":"product","2":"type-product","3":"status-publish","4":"has-post-thumbnail","6":"product_cat-thu-bong-len","7":"product_tag-bup-be","8":"product_tag-chat-lieu-len","9":"product_tag-dong-vat","10":"product_tag-handmade","11":"product_tag-handmade-shop","12":"product_tag-len","13":"product_tag-thu-bong","14":"product_tag-thu-bong-len","17":"instock","18":"sold-individually","19":"shipping-taxable","20":"purchasable","21":"product-type-variable","22":"product-grid-view"},"_links":{"self":[{"href":"https:\/\/handmadeshop.vn\/en\/wp-json\/wp\/v2\/product\/1981","targetHints":{"allow":["GET"]}}],"collection":[{"href":"https:\/\/handmadeshop.vn\/en\/wp-json\/wp\/v2\/product"}],"about":[{"href":"https:\/\/handmadeshop.vn\/en\/wp-json\/wp\/v2\/types\/product"}],"replies":[{"embeddable":true,"href":"https:\/\/handmadeshop.vn\/en\/wp-json\/wp\/v2\/comments?post=1981"}],"wp:featuredmedia":[{"embeddable":true,"href":"https:\/\/handmadeshop.vn\/en\/wp-json\/wp\/v2\/media\/2012"}],"wp:attachment":[{"href":"https:\/\/handmadeshop.vn\/en\/wp-json\/wp\/v2\/media?parent=1981"}],"wp:term":[{"taxonomy":"product_brand","embeddable":true,"href":"https:\/\/handmadeshop.vn\/en\/wp-json\/wp\/v2\/product_brand?post=1981"},{"taxonomy":"product_cat","embeddable":true,"href":"https:\/\/handmadeshop.vn\/en\/wp-json\/wp\/v2\/product_cat?post=1981"},{"taxonomy":"product_tag","embeddable":true,"href":"https:\/\/handmadeshop.vn\/en\/wp-json\/wp\/v2\/product_tag?post=1981"}],"curies":[{"name":"wp","href":"https:\/\/api.w.org\/{rel}","templated":true}]}}