{"id":1970,"date":"2025-01-23T20:20:58","date_gmt":"2025-01-23T12:20:58","guid":{"rendered":"https:\/\/handmadeshop.vn\/?post_type=product&#038;p=1970"},"modified":"2025-06-04T14:26:14","modified_gmt":"2025-06-04T07:26:14","slug":"thu-bong-len-handmade-mau-xanh-la-cay-handmade-shop-tb001","status":"publish","type":"product","link":"https:\/\/handmadeshop.vn\/en\/product\/san-pham-tu-len\/thu-bong-len\/thu-bong-len-handmade-mau-xanh-la-cay-handmade-shop-tb001\/","title":{"rendered":"Th\u00fa B\u00f4ng Len Handmade B\u00e9 R\u1ed3ng &#8211; Handmade Shop TB001"},"content":{"rendered":"","protected":false},"excerpt":{"rendered":"<p>Th\u00fa B\u00f4ng Len Handmade M\u00e0u Xanh L\u00e1 C\u00e2y<\/p>\n<p>Ch\u1ea5t li\u1ec7u: <span data-sheets-root=\"1\">Len milk cotton, len milk b\u00f2, b\u00f4ng g\u00f2n<\/span><\/p>\n<p>Ki\u1ec3u: Handmade<\/p>\n<p>K\u00edch th\u01b0\u1edbc: 22 x 25 cm<\/p>\n<p>M\u00e3 s\u1ea3n ph\u1ea9m: TB001<\/p>\n<p>N\u01a1i s\u1ea3n xu\u1ea5t: Handmade Shop<\/p>","protected":false},"featured_media":1972,"comment_status":"open","ping_status":"closed","template":"","meta":[],"product_brand":[],"product_cat":[38],"product_tag":[81,78,53,54,80,77,95],"class_list":{"0":"post-1970","1":"product","2":"type-product","3":"status-publish","4":"has-post-thumbnail","6":"product_cat-thu-bong-len","7":"product_tag-chat-lieu-len","8":"product_tag-dong-vat","9":"product_tag-handmade","10":"product_tag-handmade-shop","11":"product_tag-len","12":"product_tag-thu-bong","13":"product_tag-thu-bong-len","16":"instock","17":"shipping-taxable","18":"purchasable","19":"product-type-simple","20":"product-grid-view"},"_links":{"self":[{"href":"https:\/\/handmadeshop.vn\/en\/wp-json\/wp\/v2\/product\/1970","targetHints":{"allow":["GET"]}}],"collection":[{"href":"https:\/\/handmadeshop.vn\/en\/wp-json\/wp\/v2\/product"}],"about":[{"href":"https:\/\/handmadeshop.vn\/en\/wp-json\/wp\/v2\/types\/product"}],"replies":[{"embeddable":true,"href":"https:\/\/handmadeshop.vn\/en\/wp-json\/wp\/v2\/comments?post=1970"}],"wp:featuredmedia":[{"embeddable":true,"href":"https:\/\/handmadeshop.vn\/en\/wp-json\/wp\/v2\/media\/1972"}],"wp:attachment":[{"href":"https:\/\/handmadeshop.vn\/en\/wp-json\/wp\/v2\/media?parent=1970"}],"wp:term":[{"taxonomy":"product_brand","embeddable":true,"href":"https:\/\/handmadeshop.vn\/en\/wp-json\/wp\/v2\/product_brand?post=1970"},{"taxonomy":"product_cat","embeddable":true,"href":"https:\/\/handmadeshop.vn\/en\/wp-json\/wp\/v2\/product_cat?post=1970"},{"taxonomy":"product_tag","embeddable":true,"href":"https:\/\/handmadeshop.vn\/en\/wp-json\/wp\/v2\/product_tag?post=1970"}],"curies":[{"name":"wp","href":"https:\/\/api.w.org\/{rel}","templated":true}]}}