{"id":1931,"date":"2025-01-20T01:08:05","date_gmt":"2025-01-19T17:08:05","guid":{"rendered":"https:\/\/handmadeshop.vn\/?post_type=product&#038;p=1931"},"modified":"2025-10-06T14:20:35","modified_gmt":"2025-10-06T07:20:35","slug":"bup-be-len-dang-yeu-xinh-quan-ao-vang-bb002","status":"publish","type":"product","link":"https:\/\/handmadeshop.vn\/en\/product\/san-pham-tu-len\/bup-be-len-handmade\/bup-be-len-dang-yeu-xinh-quan-ao-vang-bb002\/","title":{"rendered":"B\u00fap b\u00ea len \u0111\u00e1ng y\u00eau xinh qu\u1ea7n \u00e1o v\u00e0ng \u2013 BB002"},"content":{"rendered":"","protected":false},"excerpt":{"rendered":"<p>B\u00fap b\u00ea len &#8211; BB002<\/p>\n<p>Ch\u1ea5t li\u1ec7u: <span data-sheets-root=\"1\">Len milk cotton, len milk b\u00f2, b\u00f4ng g\u00f2n<\/span><\/p>\n<p>Ki\u1ec3u: Handmade<\/p>\n<p>K\u00edch th\u01b0\u1edbc: 20 x 25 cm<\/p>\n<p>M\u00e3 s\u1ea3n ph\u1ea9m: BB002<\/p>\n<p>N\u01a1i s\u1ea3n xu\u1ea5t: Handmade Shop<\/p>","protected":false},"featured_media":1932,"comment_status":"open","ping_status":"closed","template":"","meta":[],"product_brand":[],"product_cat":[191],"product_tag":[82,81,53,54,80],"class_list":{"0":"post-1931","1":"product","2":"type-product","3":"status-publish","4":"has-post-thumbnail","6":"product_cat-bup-be-len-handmade","7":"product_tag-bup-be","8":"product_tag-chat-lieu-len","9":"product_tag-handmade","10":"product_tag-handmade-shop","11":"product_tag-len","14":"instock","15":"shipping-taxable","16":"product-type-simple","17":"product-grid-view"},"_links":{"self":[{"href":"https:\/\/handmadeshop.vn\/en\/wp-json\/wp\/v2\/product\/1931","targetHints":{"allow":["GET"]}}],"collection":[{"href":"https:\/\/handmadeshop.vn\/en\/wp-json\/wp\/v2\/product"}],"about":[{"href":"https:\/\/handmadeshop.vn\/en\/wp-json\/wp\/v2\/types\/product"}],"replies":[{"embeddable":true,"href":"https:\/\/handmadeshop.vn\/en\/wp-json\/wp\/v2\/comments?post=1931"}],"wp:featuredmedia":[{"embeddable":true,"href":"https:\/\/handmadeshop.vn\/en\/wp-json\/wp\/v2\/media\/1932"}],"wp:attachment":[{"href":"https:\/\/handmadeshop.vn\/en\/wp-json\/wp\/v2\/media?parent=1931"}],"wp:term":[{"taxonomy":"product_brand","embeddable":true,"href":"https:\/\/handmadeshop.vn\/en\/wp-json\/wp\/v2\/product_brand?post=1931"},{"taxonomy":"product_cat","embeddable":true,"href":"https:\/\/handmadeshop.vn\/en\/wp-json\/wp\/v2\/product_cat?post=1931"},{"taxonomy":"product_tag","embeddable":true,"href":"https:\/\/handmadeshop.vn\/en\/wp-json\/wp\/v2\/product_tag?post=1931"}],"curies":[{"name":"wp","href":"https:\/\/api.w.org\/{rel}","templated":true}]}}