{"id":1456,"date":"2024-10-31T12:17:10","date_gmt":"2024-10-31T04:17:10","guid":{"rendered":"https:\/\/handmadeshop.vn\/?post_type=product&#038;p=1456"},"modified":"2025-06-14T08:21:21","modified_gmt":"2025-06-14T01:21:21","slug":"balo-tho-cam-handmade-shop-41x28x13-cm-ma-balo","status":"publish","type":"product","link":"https:\/\/handmadeshop.vn\/en\/product\/tho-cam\/tui-balo-tho-cam\/balo-tho-cam-handmade-shop-41x28x13-cm-ma-balo\/","title":{"rendered":"Balo th\u1ed5 c\u1ea9m Handmade Shop &#8211; 41 x 28 x 13 cm &#8211; M\u00e3 Balo"},"content":{"rendered":"","protected":false},"excerpt":{"rendered":"<p>T\u00fai \u0111\u1ef1ng laptop<\/p>\n<p>Ch\u1ea5t li\u1ec7u: Th\u1ed5 c\u1ea9m<\/p>\n<p>Ki\u1ec3u: Handmade<\/p>\n<p>K\u00edch th\u01b0\u1edbc: 41 x 28 x 13 cm<\/p>\n<p>M\u00e3 s\u1ea3n ph\u1ea9m: Balo<\/p>\n<p>N\u01a1i s\u1ea3n xu\u1ea5t: Handmade Shop<\/p>","protected":false},"featured_media":1453,"comment_status":"open","ping_status":"closed","template":"","meta":[],"product_brand":[],"product_cat":[47],"product_tag":[51,53,54,52,55],"class_list":{"0":"post-1456","1":"product","2":"type-product","3":"status-publish","4":"has-post-thumbnail","6":"product_cat-tui-balo-tho-cam","7":"product_tag-balo","8":"product_tag-handmade","9":"product_tag-handmade-shop","10":"product_tag-tho-cam","11":"product_tag-tui","14":"instock","15":"featured","16":"shipping-taxable","17":"purchasable","18":"product-type-simple","19":"product-grid-view"},"_links":{"self":[{"href":"https:\/\/handmadeshop.vn\/en\/wp-json\/wp\/v2\/product\/1456","targetHints":{"allow":["GET"]}}],"collection":[{"href":"https:\/\/handmadeshop.vn\/en\/wp-json\/wp\/v2\/product"}],"about":[{"href":"https:\/\/handmadeshop.vn\/en\/wp-json\/wp\/v2\/types\/product"}],"replies":[{"embeddable":true,"href":"https:\/\/handmadeshop.vn\/en\/wp-json\/wp\/v2\/comments?post=1456"}],"wp:featuredmedia":[{"embeddable":true,"href":"https:\/\/handmadeshop.vn\/en\/wp-json\/wp\/v2\/media\/1453"}],"wp:attachment":[{"href":"https:\/\/handmadeshop.vn\/en\/wp-json\/wp\/v2\/media?parent=1456"}],"wp:term":[{"taxonomy":"product_brand","embeddable":true,"href":"https:\/\/handmadeshop.vn\/en\/wp-json\/wp\/v2\/product_brand?post=1456"},{"taxonomy":"product_cat","embeddable":true,"href":"https:\/\/handmadeshop.vn\/en\/wp-json\/wp\/v2\/product_cat?post=1456"},{"taxonomy":"product_tag","embeddable":true,"href":"https:\/\/handmadeshop.vn\/en\/wp-json\/wp\/v2\/product_tag?post=1456"}],"curies":[{"name":"wp","href":"https:\/\/api.w.org\/{rel}","templated":true}]}}