{"id":1455,"date":"2024-10-31T08:19:22","date_gmt":"2024-10-31T00:19:22","guid":{"rendered":"https:\/\/handmadeshop.vn\/?post_type=product&#038;p=1455"},"modified":"2024-11-03T20:55:59","modified_gmt":"2024-11-03T12:55:59","slug":"tui-dung-laptop-tho-cam-handmade-28x38-ma-tui-laptop","status":"publish","type":"product","link":"https:\/\/handmadeshop.vn\/en\/product\/tho-cam\/tui-balo-tho-cam\/tui-dung-laptop-tho-cam-handmade-28x38-ma-tui-laptop\/","title":{"rendered":"T\u00fai \u0110\u1ef1ng Laptop Th\u1ed5 C\u1ea9m Handmade &#8211; 28 x 38 cm &#8211; M\u00e3 T\u00fai laptop"},"content":{"rendered":"","protected":false},"excerpt":{"rendered":"<p>T\u00fai \u0110\u1ef1ng Laptop Th\u1ed5 C\u1ea9m Handmade<\/p>\n<p>Ch\u1ea5t li\u1ec7u: Th\u1ed5 c\u1ea9m<\/p>\n<p>Ki\u1ec3u: Handmade<\/p>\n<p>K\u00edch th\u01b0\u1edbc: 28 x 38 cm<\/p>\n<p>M\u00e3 s\u1ea3n ph\u1ea9m: T\u00fai laptop<\/p>\n<p>N\u01a1i s\u1ea3n xu\u1ea5t: Handmade Shop<\/p>","protected":false},"featured_media":1424,"comment_status":"open","ping_status":"closed","template":"","meta":[],"product_brand":[],"product_cat":[47],"product_tag":[51,53,54,52,55],"class_list":{"0":"post-1455","1":"product","2":"type-product","3":"status-publish","4":"has-post-thumbnail","6":"product_cat-tui-balo-tho-cam","7":"product_tag-balo","8":"product_tag-handmade","9":"product_tag-handmade-shop","10":"product_tag-tho-cam","11":"product_tag-tui","14":"instock","15":"shipping-taxable","16":"purchasable","17":"product-type-simple","18":"product-grid-view"},"_links":{"self":[{"href":"https:\/\/handmadeshop.vn\/en\/wp-json\/wp\/v2\/product\/1455","targetHints":{"allow":["GET"]}}],"collection":[{"href":"https:\/\/handmadeshop.vn\/en\/wp-json\/wp\/v2\/product"}],"about":[{"href":"https:\/\/handmadeshop.vn\/en\/wp-json\/wp\/v2\/types\/product"}],"replies":[{"embeddable":true,"href":"https:\/\/handmadeshop.vn\/en\/wp-json\/wp\/v2\/comments?post=1455"}],"wp:featuredmedia":[{"embeddable":true,"href":"https:\/\/handmadeshop.vn\/en\/wp-json\/wp\/v2\/media\/1424"}],"wp:attachment":[{"href":"https:\/\/handmadeshop.vn\/en\/wp-json\/wp\/v2\/media?parent=1455"}],"wp:term":[{"taxonomy":"product_brand","embeddable":true,"href":"https:\/\/handmadeshop.vn\/en\/wp-json\/wp\/v2\/product_brand?post=1455"},{"taxonomy":"product_cat","embeddable":true,"href":"https:\/\/handmadeshop.vn\/en\/wp-json\/wp\/v2\/product_cat?post=1455"},{"taxonomy":"product_tag","embeddable":true,"href":"https:\/\/handmadeshop.vn\/en\/wp-json\/wp\/v2\/product_tag?post=1455"}],"curies":[{"name":"wp","href":"https:\/\/api.w.org\/{rel}","templated":true}]}}