{"id":3105,"date":"2025-06-22T18:21:15","date_gmt":"2025-06-22T11:21:15","guid":{"rendered":"https:\/\/handmadeshop.vn\/?page_id=3105"},"modified":"2025-06-24T10:41:14","modified_gmt":"2025-06-24T03:41:14","slug":"dang-ky-hoc","status":"publish","type":"page","link":"https:\/\/handmadeshop.vn\/en\/dang-ky-hoc\/","title":{"rendered":"\u0110\u0103ng ky\u0301 ho\u0323c"},"content":{"rendered":"<h2 style=\"text-align: center;\"><strong>L\u1edaP H\u1eccC M\u00d3C LEN<\/strong><\/h2>\n<h2 style=\"text-align: center;\"><strong>R\u00c8N LUY\u1ec6N K\u1ef8 N\u0102NG, NU\u00d4I D\u01af\u1ee0NG S\u1ef0 T\u1ec8 M\u1ec8<\/strong><\/h2>\n<p><span style=\"font-weight: 400;\">Th\u1ee7 c\u00f4ng kh\u00f4ng ch\u1ec9 l\u00e0 c\u00f4ng vi\u1ec7c c\u1ee7a \u0111\u00f4i tay, m\u00e0 c\u00f2n l\u00e0 s\u1ef1 r\u00e8n luy\u1ec7n c\u1ee7a t\u00e2m tr\u00ed.<\/span><\/p>\n<p><span style=\"font-weight: 400;\">L\u1edbp h\u1ecdc m\u00f3c len \u0111\u01b0\u1ee3c t\u1ed5 ch\u1ee9c v\u1edbi m\u1ee5c ti\u00eau gi\u00fap h\u1ecdc vi\u00ean ph\u00e1t tri\u1ec3n k\u1ef9 n\u0103ng th\u1ee7 c\u00f4ng, t\u0103ng c\u01b0\u1eddng kh\u1ea3 n\u0103ng t\u1eadp trung, ki\u00ean nh\u1eabn v\u00e0 s\u00e1ng t\u1ea1o \u2013 th\u00f4ng qua ho\u1ea1t \u0111\u1ed9ng m\u00f3c len \u0111\u1ea7y t\u00ednh ngh\u1ec7 thu\u1eadt.<\/span><\/p>\n<p><span style=\"font-weight: 400;\">Ch\u00fang t\u00f4i thi\u1ebft k\u1ebf hai kh\u00f3a h\u1ecdc ph\u00f9 h\u1ee3p v\u1edbi t\u1eebng tr\u00ecnh \u0111\u1ed9: C\u01a1 b\u1ea3n v\u00e0 N\u00e2ng cao, nh\u1eb1m \u0111\u00e1p \u1ee9ng nhu c\u1ea7u h\u1ecdc t\u1eadp v\u00e0 ph\u00e1t tri\u1ec3n c\u00e1 nh\u00e2n m\u1ed9t c\u00e1ch b\u1ec1n v\u1eefng.<\/span><\/p>\n<h3><strong> KH\u00d3A H\u1eccC M\u00d3C LEN C\u01a0 B\u1ea2N<\/strong><\/h3>\n<p><span style=\"font-weight: 400;\"><strong>Ph\u00f9 h\u1ee3p v\u1edbi:<\/strong> ng\u01b0\u1eddi m\u1edbi b\u1eaft \u0111\u1ea7u, ch\u01b0a c\u00f3 kinh nghi\u1ec7m ho\u1eb7c m\u1edbi ti\u1ebfp c\u1eadn b\u1ed9 m\u00f4n m\u00f3c len.<\/span><\/p>\n<p><strong>N\u1ed9i dung h\u1ecdc:<\/strong><\/p>\n<ul>\n<li><span style=\"font-weight: 400;\">Gi\u1edbi thi\u1ec7u d\u1ee5ng c\u1ee5 m\u00f3c len: kim m\u00f3c, s\u1ee3i len, ph\u1ee5 ki\u1ec7n \u0111i k\u00e8m<\/span><\/li>\n<li><span style=\"font-weight: 400;\">L\u00e0m quen v\u1edbi c\u00e1ch c\u1ea7m kim, t\u1ea1o m\u0169i m\u00f3c \u0111\u01a1n, m\u00f3c k\u00e9p<\/span><\/li>\n<li><span style=\"font-weight: 400;\">H\u1ecdc \u0111\u1ecdc s\u01a1 \u0111\u1ed3 \u0111\u01a1n gi\u1ea3n<\/span><\/li>\n<li><span style=\"font-weight: 400;\">Th\u1ef1c h\u00e0nh m\u00f3c c\u00e1c s\u1ea3n ph\u1ea9m nh\u1ecf, d\u1ec5 \u1ee9ng d\u1ee5ng<\/span><\/li>\n<\/ul>\n<p><span style=\"font-weight: 400;\"><strong> K\u1ebft qu\u1ea3 sau kh\u00f3a h\u1ecdc:<\/strong> <\/span><\/p>\n<p><span style=\"font-weight: 400;\">&#8211; H\u1ecdc vi\u00ean c\u00f3 th\u1ec3 t\u1ef1 tay t\u1ea1o n\u00ean nh\u1eefng s\u1ea3n ph\u1ea9m handmade c\u01a1 b\u1ea3n nh\u01b0 m\u00f3c kh\u00f3a, hoa trang tr\u00ed, mi\u1ebfng l\u00f3t ly\u2026 m\u1ed9t c\u00e1ch ho\u00e0n ch\u1ec9nh v\u00e0 th\u1ea9m m\u1ef9.<\/span><\/p>\n<p><strong>Th\u1eddi l\u01b0\u1ee3ng:\u00a0<\/strong><\/p>\n<p><span style=\"font-weight: 400;\">&#8211; L\u1edbp d\u00e0nh cho c\u00e1c b\u1ea1n nh\u1ecf: 8 bu\u1ed5i\/kho\u00e1, 2h\/bu\u1ed5i<\/span><\/p>\n<p><span style=\"font-weight: 400;\">&#8211; L\u1edbp d\u00e0nh cho ng\u01b0\u1eddi l\u1edbn: 5 bu\u1ed5i\/kho\u00e1<\/span><\/p>\n<p><strong>H\u1ecdc ph\u00ed:\u00a0<\/strong><\/p>\n<p><span style=\"font-weight: 400;\">&#8211; L\u1edbp d\u00e0nh cho c\u00e1c b\u1ea1n nh\u1ecf: 960.000\u0111\/kho\u00e1<\/span><\/p>\n<p><span style=\"font-weight: 400;\">&#8211; L\u1edbp d\u00e0nh cho ng\u01b0\u1eddi l\u1edbn (t\u1eeb 18 tu\u1ed5i): 1.000.000\u0111\/kho\u00e1<\/span><\/p>\n<h3><strong> KH\u00d3A H\u1eccC M\u00d3C LEN N\u00c2NG CAO<\/strong><\/h3>\n<p><span style=\"font-weight: 400;\"><strong>Ph\u00f9 h\u1ee3p v\u1edbi:<\/strong> h\u1ecdc vi\u00ean \u0111\u00e3 ho\u00e0n th\u00e0nh kh\u00f3a c\u01a1 b\u1ea3n ho\u1eb7c c\u00f3 k\u1ef9 n\u0103ng m\u00f3c len n\u1ec1n t\u1ea3ng.<\/span><\/p>\n<p><strong>N\u1ed9i dung h\u1ecdc:<\/strong><\/p>\n<ul>\n<li><span style=\"font-weight: 400;\">K\u1ef9 thu\u1eadt m\u00f3c n\u00e2ng cao: m\u0169i \u0111\u1eb7c bi\u1ec7t, c\u00e1ch k\u1ebft c\u1ea5u s\u1ea3n ph\u1ea9m nhi\u1ec1u chi ti\u1ebft<\/span><\/li>\n<li><span style=\"font-weight: 400;\">\u1ee8ng d\u1ee5ng s\u01a1 \u0111\u1ed3 m\u00f3c ph\u1ee9c t\u1ea1p<\/span><\/li>\n<li><span style=\"font-weight: 400;\">Th\u1ef1c h\u00e0nh m\u00f3c th\u00fa b\u00f4ng amigurumi, ph\u1ee5 ki\u1ec7n th\u1eddi trang, t\u00fai nh\u1ecf\u2026<\/span><\/li>\n<\/ul>\n<p><span style=\"font-weight: 400;\"><strong> K\u1ebft qu\u1ea3 sau kh\u00f3a h\u1ecdc:<\/strong> <\/span><\/p>\n<p><span style=\"font-weight: 400;\">&#8211; H\u1ecdc vi\u00ean c\u00f3 th\u1ec3 \u0111\u1ecdc v\u00e0 l\u00e0m theo m\u1eabu ph\u1ee9c t\u1ea1p, thi\u1ebft k\u1ebf s\u1ea3n ph\u1ea9m theo \u00fd t\u01b0\u1edfng c\u00e1 nh\u00e2n, th\u1eadm ch\u00ed b\u01b0\u1edbc \u0111\u1ea7u h\u00ecnh th\u00e0nh phong c\u00e1ch ri\u00eang trong th\u1ee7 c\u00f4ng len s\u1ee3i.<\/span><\/p>\n<p><strong>Th\u1eddi l\u01b0\u1ee3ng:\u00a0<\/strong><\/p>\n<p><span style=\"font-weight: 400;\">&#8211; L\u1edbp d\u00e0nh cho c\u00e1c b\u1ea1n nh\u1ecf: 8 bu\u1ed5i\/kho\u00e1, 2h\/bu\u1ed5i<\/span><\/p>\n<p><span style=\"font-weight: 400;\">&#8211; L\u1edbp d\u00e0nh cho ng\u01b0\u1eddi l\u1edbn: 5 bu\u1ed5i\/kho\u00e1<\/span><\/p>\n<p><strong>H\u1ecdc ph\u00ed:\u00a0<\/strong><\/p>\n<p><span style=\"font-weight: 400;\">&#8211; L\u1edbp d\u00e0nh cho c\u00e1c b\u1ea1n nh\u1ecf: 1.200.000\u0111\/kho\u00e1<\/span><\/p>\n<p><span style=\"font-weight: 400;\">&#8211; L\u1edbp d\u00e0nh cho ng\u01b0\u1eddi l\u1edbn: 1.250.000\u0111\/kho\u00e1<\/span><\/p>\n<p><span style=\"font-weight: 400;\">&#8211; \u0110\u1eb7c bi\u1ec7t, l\u1edbp h\u1ecdc cho ng\u01b0\u1eddi l\u1edbn k\u00e8m 1-1: 3.000.000\u0111\/kho\u00e1 10 bu\u1ed5i t\u1eeb c\u01a1 b\u1ea3n \u0111\u1ebfn n\u00e2ng cao<\/span><\/p>\n<h3><strong>TH\u00d4NG TIN T\u1ed4 CH\u1ee8C<\/strong><\/h3>\n<ul>\n<li><span style=\"font-weight: 400;\">\u0110\u1ecba \u0111i\u1ec3m h\u1ecdc: To\u00e0 Ecolife T\u00e2y H\u1ed3, Xu\u00e2n La, H\u00e0 N\u1ed9i<\/span><\/li>\n<li><span style=\"font-weight: 400;\">Gi\u1ea3ng vi\u00ean: Ng\u01b0\u1eddi c\u00f3 kinh nghi\u1ec7m nhi\u1ec1u n\u0103m trong handmade, t\u1eebng th\u1ef1c hi\u1ec7n c\u00e1c s\u1ea3n ph\u1ea9m cao c\u1ea5p, gi\u1ea3ng d\u1ea1y t\u1eadn t\u00ecnh theo t\u1eebng tr\u00ecnh \u0111\u1ed9<\/span><\/li>\n<li><span style=\"font-weight: 400;\">T\u00e0i li\u1ec7u \u2013 D\u1ee5ng c\u1ee5: \u0110\u01b0\u1ee3c cung c\u1ea5p s\u1eb5n, kh\u00f4ng c\u1ea7n chu\u1ea9n b\u1ecb tr\u01b0\u1edbc<\/span><\/li>\n<li><span style=\"font-weight: 400;\">S\u0129 s\u1ed1 l\u1edbp: T\u1ed1i \u0111a 5 h\u1ecdc vi\u00ean\/l\u1edbp<\/span><\/li>\n<\/ul>\n<h3><strong> GI\u00c1 TR\u1eca KH\u00c1C BI\u1ec6T C\u1ee6A L\u1edaP H\u1eccC<\/strong><\/h3>\n<p><span style=\"font-weight: 400;\">&#8211; Kh\u00f4ng gian h\u1ecdc t\u1eadp th\u00e2n thi\u1ec7n, y\u00ean t\u0129nh<\/span><\/p>\n<p><span style=\"font-weight: 400;\"> &#8211; Ch\u00fa tr\u1ecdng v\u00e0o k\u1ef9 n\u0103ng n\u1ec1n t\u1ea3ng v\u00e0 s\u1ef1 ph\u00e1t tri\u1ec3n c\u00e1 nh\u00e2n<\/span><\/p>\n<p><span style=\"font-weight: 400;\"> &#8211; H\u1ed7 tr\u1ee3 h\u1ecdc vi\u00ean sau kh\u00f3a h\u1ecdc: cung c\u1ea5p m\u1eabu m\u00f3c, t\u01b0 v\u1ea5n nguy\u00ean li\u1ec7u, h\u1ed7 tr\u1ee3 gi\u1ea3i \u0111\u00e1p m\u1ecdi th\u1eafc m\u1eafc sau n\u00e0y.<\/span><\/p><p><\/p>","protected":false},"excerpt":{"rendered":"<p>L\u1edaP H\u1eccC M\u00d3C LEN R\u00c8N LUY\u1ec6N K\u1ef8 N\u0102NG, NU\u00d4I D\u01af\u1ee0NG S\u1ef0 T\u1ec8 M\u1ec8 Th\u1ee7 c\u00f4ng kh\u00f4ng ch\u1ec9 l\u00e0 c\u00f4ng vi\u1ec7c c\u1ee7a \u0111\u00f4i tay, m\u00e0 c\u00f2n l\u00e0 s\u1ef1 r\u00e8n luy\u1ec7n c\u1ee7a t\u00e2m tr\u00ed. L\u1edbp h\u1ecdc m\u00f3c len \u0111\u01b0\u1ee3c t\u1ed5 ch\u1ee9c v\u1edbi m\u1ee5c ti\u00eau gi\u00fap h\u1ecdc vi\u00ean ph\u00e1t tri\u1ec3n k\u1ef9 n\u0103ng th\u1ee7 c\u00f4ng, t\u0103ng c\u01b0\u1eddng kh\u1ea3 n\u0103ng [&hellip;]<\/p>","protected":false},"author":1,"featured_media":0,"parent":0,"menu_order":0,"comment_status":"closed","ping_status":"closed","template":"","meta":{"footnotes":""},"class_list":["post-3105","page","type-page","status-publish","hentry"],"_links":{"self":[{"href":"https:\/\/handmadeshop.vn\/en\/wp-json\/wp\/v2\/pages\/3105","targetHints":{"allow":["GET"]}}],"collection":[{"href":"https:\/\/handmadeshop.vn\/en\/wp-json\/wp\/v2\/pages"}],"about":[{"href":"https:\/\/handmadeshop.vn\/en\/wp-json\/wp\/v2\/types\/page"}],"author":[{"embeddable":true,"href":"https:\/\/handmadeshop.vn\/en\/wp-json\/wp\/v2\/users\/1"}],"replies":[{"embeddable":true,"href":"https:\/\/handmadeshop.vn\/en\/wp-json\/wp\/v2\/comments?post=3105"}],"version-history":[{"count":4,"href":"https:\/\/handmadeshop.vn\/en\/wp-json\/wp\/v2\/pages\/3105\/revisions"}],"predecessor-version":[{"id":3185,"href":"https:\/\/handmadeshop.vn\/en\/wp-json\/wp\/v2\/pages\/3105\/revisions\/3185"}],"wp:attachment":[{"href":"https:\/\/handmadeshop.vn\/en\/wp-json\/wp\/v2\/media?parent=3105"}],"curies":[{"name":"wp","href":"https:\/\/api.w.org\/{rel}","templated":true}]}}