{"id":3,"date":"2024-10-16T12:23:06","date_gmt":"2024-10-16T12:23:06","guid":{"rendered":"https:\/\/handmadeshop.vn\/?page_id=3"},"modified":"2025-02-08T22:56:06","modified_gmt":"2025-02-08T15:56:06","slug":"chinh-sach-bao-hanh-san-pham","status":"publish","type":"page","link":"https:\/\/handmadeshop.vn\/en\/chinh-sach-bao-hanh-san-pham\/","title":{"rendered":"Product Warranty Policy:"},"content":{"rendered":"<div data-elementor-type=\"wp-page\" data-elementor-id=\"3\" class=\"elementor elementor-3\">\n\t\t\t\t<div class=\"elementor-element elementor-element-43bb8cd7 e-flex e-con-boxed e-con e-parent\" data-id=\"43bb8cd7\" data-element_type=\"container\">\n\t\t\t\t\t<div class=\"e-con-inner\">\n\t\t\t\t<div class=\"elementor-element elementor-element-36fc4700 elementor-widget elementor-widget-text-editor\" data-id=\"36fc4700\" data-element_type=\"widget\" data-settings=\"{&quot;wdt_animation_effect&quot;:&quot;none&quot;}\" data-widget_type=\"text-editor.default\">\n\t\t\t\t<div class=\"elementor-widget-container\">\n\t\t\t\t\t\t\t\t\t<p><strong>Product Warranty Policy:<\/strong><\/p>\n<p><em><strong>Warranty period:<\/strong><\/em><\/p>\n<p>- We are committed to warranty the product for 6 months from the date of purchase (only applicable to products with technical defects due to the manufacturing process, not including improper use).<\/p>\n<p><strong><em>Warranty conditions:<\/em><\/strong><\/p>\n<p>- The product is only warranted if there is a defect due to the manufacturing process (for example: broken wool thread, structure not as originally described).<br \/>- Provide the purchase invoice or order code.<\/p>\n<p><em><strong>Warranty process:<\/strong><\/em><\/p>\n<p>- If the product has a technical defect, please contact us via email or support phone number.<br \/>- We will check the product condition and proceed to repair or replace it for free if the product is still under warranty.<br \/>- Errors caused by the user (such as improper washing, tearing, etc.) will not be covered by the warranty.<\/p>\n<p><strong>Noted:<\/strong><\/p>\n<p>- Handmade products may have slight differences in color and size compared to the images on the website, because this is a handmade product and each product is unique.<\/p>\t\t\t\t\t\t\t\t<\/div>\n\t\t\t\t<\/div>\n\t\t\t\t\t<\/div>\n\t\t\t\t<\/div>\n\t\t\t\t<\/div>","protected":false},"excerpt":{"rendered":"<p>Ch\u00ednh S\u00e1ch B\u1ea3o H\u00e0nh S\u1ea3n Ph\u1ea9m: + Th\u1eddi gian b\u1ea3o h\u00e0nh: &#8211; Ch\u00fang t\u00f4i cam k\u1ebft b\u1ea3o h\u00e0nh s\u1ea3n ph\u1ea9m trong 6 th\u00e1ng k\u1ec3 t\u1eeb ng\u00e0y mua (ch\u1ec9 \u00e1p d\u1ee5ng cho c\u00e1c s\u1ea3n ph\u1ea9m b\u1ecb l\u1ed7i k\u1ef9 thu\u1eadt do quy tr\u00ecnh s\u1ea3n xu\u1ea5t, kh\u00f4ng bao g\u1ed3m vi\u1ec7c s\u1eed d\u1ee5ng kh\u00f4ng \u0111\u00fang c\u00e1ch). + \u0110i\u1ec1u ki\u1ec7n [&hellip;]<\/p>","protected":false},"author":1,"featured_media":0,"parent":0,"menu_order":0,"comment_status":"closed","ping_status":"closed","template":"","meta":{"footnotes":""},"class_list":["post-3","page","type-page","status-publish","hentry"],"_links":{"self":[{"href":"https:\/\/handmadeshop.vn\/en\/wp-json\/wp\/v2\/pages\/3","targetHints":{"allow":["GET"]}}],"collection":[{"href":"https:\/\/handmadeshop.vn\/en\/wp-json\/wp\/v2\/pages"}],"about":[{"href":"https:\/\/handmadeshop.vn\/en\/wp-json\/wp\/v2\/types\/page"}],"author":[{"embeddable":true,"href":"https:\/\/handmadeshop.vn\/en\/wp-json\/wp\/v2\/users\/1"}],"replies":[{"embeddable":true,"href":"https:\/\/handmadeshop.vn\/en\/wp-json\/wp\/v2\/comments?post=3"}],"version-history":[{"count":7,"href":"https:\/\/handmadeshop.vn\/en\/wp-json\/wp\/v2\/pages\/3\/revisions"}],"predecessor-version":[{"id":2316,"href":"https:\/\/handmadeshop.vn\/en\/wp-json\/wp\/v2\/pages\/3\/revisions\/2316"}],"wp:attachment":[{"href":"https:\/\/handmadeshop.vn\/en\/wp-json\/wp\/v2\/media?parent=3"}],"curies":[{"name":"wp","href":"https:\/\/api.w.org\/{rel}","templated":true}]}}