{"id":2319,"date":"2025-02-08T23:20:15","date_gmt":"2025-02-08T16:20:15","guid":{"rendered":"https:\/\/handmadeshop.vn\/?page_id=2319"},"modified":"2025-02-08T23:20:16","modified_gmt":"2025-02-08T16:20:16","slug":"chinh-sach-hoan-hang","status":"publish","type":"page","link":"https:\/\/handmadeshop.vn\/en\/chinh-sach-hoan-hang\/","title":{"rendered":"Return Policy"},"content":{"rendered":"<p><strong>Return Policy<\/strong><\/p><p>+ <strong><em>Return conditions:<\/em><\/strong><\/p><ul class=\"wp-block-list\"><li>- Since handmade products are made specifically for each customer, we only accept returns if the product is defective or not as described.<\/li>\n\n<li>- Customers can request a return within 7 days of receipt if the product has a manufacturing defect or is different from the image\/description.<\/li><\/ul><p>+ <strong><em>Return process:<\/em><\/strong><\/p><ul class=\"wp-block-list\"><li>- To request a return, please contact us via email or phone within 7 days of receipt.<\/li>\n\n<li>- We will ask the customer to provide a photo of the defective or not as described product for verification.<\/li>\n\n<li>- After confirmation, we will instruct the customer on how to return the product. The return shipping costs will be borne by the customer, unless the fault is ours.<\/li><\/ul><p><strong><em>Noted:<\/em><\/strong><\/p><ul class=\"wp-block-list\"><li>- Products that have been used or are no longer in their original packaging will not be returned.<\/li>\n\n<li>- Since each product is handmade, slight differences in color, style or size are normal and are not considered product defects.<\/li><\/ul><p>+ <strong><em>General Noted:<\/em><\/strong><br>Handmade products are handmade, so each product may have unique characteristics (color, shape, size) that are not exactly the same. This is the special thing about handmade products and makes each product unique.<br>Please take care of the product properly, avoid getting the product wet or exposed to strong detergents.<\/p><p><\/p>","protected":false},"excerpt":{"rendered":"<p>Ch\u00ednh S\u00e1ch Ho\u00e0n H\u00e0ng + \u0110i\u1ec1u ki\u1ec7n ho\u00e0n h\u00e0ng: + Quy tr\u00ecnh ho\u00e0n h\u00e0ng: + L\u01b0u \u00fd: + L\u01b0u \u00fd chung:S\u1ea3n ph\u1ea9m handmade \u0111\u01b0\u1ee3c l\u00e0m th\u1ee7 c\u00f4ng, v\u00ec v\u1eady m\u1ed7i s\u1ea3n ph\u1ea9m c\u00f3 th\u1ec3 c\u00f3 nh\u1eefng \u0111\u1eb7c \u0111i\u1ec3m ri\u00eang bi\u1ec7t (m\u00e0u s\u1eafc, h\u00ecnh d\u1ea1ng, k\u00edch th\u01b0\u1edbc) kh\u00f4ng ho\u00e0n to\u00e0n gi\u1ed1ng nhau. \u0110\u00e2y ch\u00ednh l\u00e0 s\u1ef1 [&hellip;]<\/p>","protected":false},"author":1,"featured_media":0,"parent":0,"menu_order":0,"comment_status":"closed","ping_status":"closed","template":"","meta":{"footnotes":""},"class_list":["post-2319","page","type-page","status-publish","hentry"],"_links":{"self":[{"href":"https:\/\/handmadeshop.vn\/en\/wp-json\/wp\/v2\/pages\/2319","targetHints":{"allow":["GET"]}}],"collection":[{"href":"https:\/\/handmadeshop.vn\/en\/wp-json\/wp\/v2\/pages"}],"about":[{"href":"https:\/\/handmadeshop.vn\/en\/wp-json\/wp\/v2\/types\/page"}],"author":[{"embeddable":true,"href":"https:\/\/handmadeshop.vn\/en\/wp-json\/wp\/v2\/users\/1"}],"replies":[{"embeddable":true,"href":"https:\/\/handmadeshop.vn\/en\/wp-json\/wp\/v2\/comments?post=2319"}],"version-history":[{"count":1,"href":"https:\/\/handmadeshop.vn\/en\/wp-json\/wp\/v2\/pages\/2319\/revisions"}],"predecessor-version":[{"id":2320,"href":"https:\/\/handmadeshop.vn\/en\/wp-json\/wp\/v2\/pages\/2319\/revisions\/2320"}],"wp:attachment":[{"href":"https:\/\/handmadeshop.vn\/en\/wp-json\/wp\/v2\/media?parent=2319"}],"curies":[{"name":"wp","href":"https:\/\/api.w.org\/{rel}","templated":true}]}}