{"id":228,"date":"2024-08-06T12:10:49","date_gmt":"2024-08-06T12:10:49","guid":{"rendered":"https:\/\/handmadeshop.vn\/?page_id=228"},"modified":"2025-03-30T00:36:52","modified_gmt":"2025-03-29T17:36:52","slug":"lien-he","status":"publish","type":"page","link":"https:\/\/handmadeshop.vn\/en\/lien-he\/","title":{"rendered":"Contact"},"content":{"rendered":"<div data-elementor-type=\"wp-page\" data-elementor-id=\"228\" class=\"elementor elementor-228\">\n\t\t\t\t<div class=\"elementor-element elementor-element-90048f9 e-flex e-con-boxed e-con e-parent\" data-id=\"90048f9\" data-element_type=\"container\">\n\t\t\t\t\t<div class=\"e-con-inner\">\n\t\t\t\t\t<\/div>\n\t\t\t\t<\/div>\n\t\t<div class=\"elementor-element elementor-element-c062c9b wdt-no-full-section e-flex e-con-boxed e-con e-parent\" data-id=\"c062c9b\" data-element_type=\"container\">\n\t\t\t\t\t<div class=\"e-con-inner\">\n\t\t<div class=\"elementor-element elementor-element-5330277 e-con-full e-flex e-con e-child\" data-id=\"5330277\" data-element_type=\"container\">\n\t\t\t\t<div class=\"elementor-element elementor-element-4e4882c elementor-widget__width-inherit elementor-widget elementor-widget-wdt-advanced-heading\" data-id=\"4e4882c\" data-element_type=\"widget\" data-settings=\"{&quot;wdt_enable_inview_status&quot;:&quot;true&quot;,&quot;wdt_animation_effect&quot;:&quot;none&quot;}\" data-widget_type=\"wdt-advanced-heading.default\">\n\t\t\t\t<div class=\"elementor-widget-container\">\n\t\t\t\t\t<div class=\"wdt-heading-holder\" data-id=\"4e4882c\"><div class=\"wdt-subheading-content-wrapper\"><span class=\"wdt-subheading charsplit-4e4882c\">Inquiry Form<\/span><\/div><div class=\"wdt-heading-title-wrapper\"><h2><span class=\"wdt-heading-title charsplit-4e4882c\">G\u1eedi c\u00e2u h\u1ecfi c\u1ee7a b\u1ea1n<\/span><\/h2><\/div><\/div>\t\t\t\t<\/div>\n\t\t\t\t<\/div>\n\t\t\t\t<div class=\"elementor-element elementor-element-014b771 wdt-contact-form animated-fast elementor-invisible elementor-widget elementor-widget-shortcode\" data-id=\"014b771\" data-element_type=\"widget\" data-settings=\"{&quot;_animation&quot;:&quot;fadeInUp&quot;,&quot;_animation_delay&quot;:200,&quot;wdt_animation_effect&quot;:&quot;none&quot;}\" data-widget_type=\"shortcode.default\">\n\t\t\t\t<div class=\"elementor-widget-container\">\n\t\t\t\t\t\t\t<div class=\"elementor-shortcode\">\n<div class=\"wpcf7 no-js\" id=\"wpcf7-f14-o1\" lang=\"en-US\" dir=\"ltr\" data-wpcf7-id=\"14\">\n<div class=\"screen-reader-response\"><p role=\"status\" aria-live=\"polite\" aria-atomic=\"true\"><\/p> <ul><\/ul><\/div>\n<form action=\"\/en\/wp-json\/wp\/v2\/pages\/228#wpcf7-f14-o1\" method=\"post\" class=\"wpcf7-form init\" aria-label=\"Contact form\" novalidate=\"novalidate\" data-status=\"init\" data-trp-original-action=\"\/en\/wp-json\/wp\/v2\/pages\/228#wpcf7-f14-o1\">\n<div style=\"display: none;\">\n<input type=\"hidden\" name=\"_wpcf7\" value=\"14\" \/>\n<input type=\"hidden\" name=\"_wpcf7_version\" value=\"6.0.6\" \/>\n<input type=\"hidden\" name=\"_wpcf7_locale\" value=\"en_US\" \/>\n<input type=\"hidden\" name=\"_wpcf7_unit_tag\" value=\"wpcf7-f14-o1\" \/>\n<input type=\"hidden\" name=\"_wpcf7_container_post\" value=\"0\" \/>\n<input type=\"hidden\" name=\"_wpcf7_posted_data_hash\" value=\"\" \/>\n<\/div>\n<div class=\"wdt-contact-form wdt-contact-form-a\">\n\t<div class=\"name\">\n\t\t<p><span class=\"wpcf7-form-control-wrap\" data-name=\"Your\"><input size=\"40\" maxlength=\"400\" class=\"wpcf7-form-control wpcf7-text wpcf7-validates-as-required\" aria-required=\"true\" aria-invalid=\"false\" placeholder=\"T\u00ean c\u1ee7a b\u1ea1n *\" value=\"\" type=\"text\" name=\"Your\" \/><\/span>\n\t\t<\/p>\n\t<\/div>\n\t<div class=\"email\">\n\t\t<p><span class=\"wpcf7-form-control-wrap\" data-name=\"your-email\"><input size=\"40\" maxlength=\"400\" class=\"wpcf7-form-control wpcf7-email wpcf7-validates-as-required wpcf7-text wpcf7-validates-as-email\" aria-required=\"true\" aria-invalid=\"false\" placeholder=\"\u0110\u1ecba ch\u1ec9 email *\" value=\"\" type=\"email\" name=\"your-email\" \/><\/span>\n\t\t<\/p>\n\t<\/div>\n\t<div class=\"Website\">\n\t\t<p><span class=\"wpcf7-form-control-wrap\" data-name=\"Website\"><input size=\"40\" maxlength=\"400\" class=\"wpcf7-form-control wpcf7-text wpcf7-validates-as-required\" aria-required=\"true\" aria-invalid=\"false\" placeholder=\"Website *\" value=\"\" type=\"text\" name=\"Website\" \/><\/span>\n\t\t<\/p>\n\t<\/div>\n\t<div class=\"number\">\n\t\t<p><span class=\"wpcf7-form-control-wrap\" data-name=\"phone\"><input size=\"40\" maxlength=\"400\" class=\"wpcf7-form-control wpcf7-tel wpcf7-validates-as-required wpcf7-text wpcf7-validates-as-tel\" aria-required=\"true\" aria-invalid=\"false\" placeholder=\"S\u1ed1 \u0111i\u1ec7n tho\u1ea1i *\" value=\"\" type=\"tel\" name=\"phone\" \/><\/span>\n\t\t<\/p>\n\t<\/div>\n\t<div class=\"text-area\">\n\t\t<p><span class=\"wpcf7-form-control-wrap\" data-name=\"placeholder\"><textarea cols=\"40\" rows=\"10\" maxlength=\"2000\" class=\"wpcf7-form-control wpcf7-textarea\" aria-invalid=\"false\" name=\"placeholder\">G\u00f5 n\u1ed9i dung tin nh\u1eafn \u1edf \u0111\u00e2y...<\/textarea><\/span>\n\t\t<\/p>\n\t<\/div>\n\t<div class=\"submit-button\">\n\t\t<p><input class=\"wpcf7-form-control wpcf7-submit has-spinner\" type=\"submit\" value=\"G\u1eedi\" \/>\n\t\t<\/p>\n\t<\/div>\n<\/div><div class=\"wpcf7-response-output\" aria-hidden=\"true\"><\/div>\n<input type=\"hidden\" name=\"trp-form-language\" value=\"en\"\/><\/form>\n<\/div>\n<\/div>\n\t\t\t\t\t\t<\/div>\n\t\t\t\t<\/div>\n\t\t\t\t<\/div>\n\t\t<div class=\"elementor-element elementor-element-2076a77 e-con-full animated-fast e-flex elementor-invisible e-con e-child\" data-id=\"2076a77\" data-element_type=\"container\" data-settings=\"{&quot;background_background&quot;:&quot;classic&quot;,&quot;animation&quot;:&quot;fadeInUp&quot;,&quot;animation_delay&quot;:200}\">\n\t\t<div class=\"elementor-element elementor-element-b1830e1 e-con-full e-flex e-con e-child\" data-id=\"b1830e1\" data-element_type=\"container\">\n\t\t\t\t<div class=\"elementor-element elementor-element-9262040 wdt-contact-details-title elementor-icon-list--layout-traditional elementor-list-item-link-full_width elementor-widget elementor-widget-icon-list\" data-id=\"9262040\" data-element_type=\"widget\" data-settings=\"{&quot;wdt_animation_effect&quot;:&quot;none&quot;}\" data-widget_type=\"icon-list.default\">\n\t\t\t\t<div class=\"elementor-widget-container\">\n\t\t\t\t\t\t\t<ul class=\"elementor-icon-list-items\">\n\t\t\t\t\t\t\t<li class=\"elementor-icon-list-item\">\n\t\t\t\t\t\t\t\t\t\t\t<span class=\"elementor-icon-list-icon\">\n\t\t\t\t\t\t\t<svg xmlns=\"http:\/\/www.w3.org\/2000\/svg\" viewbox=\"0 0 30 30\"><path d=\"M17.71.3l.18,0a12.63,12.63,0,0,1,7,4.52L25,5a12.75,12.75,0,0,1,2.54,9.22,16.53,16.53,0,0,1-3.19,7.27l-.13.18a22.58,22.58,0,0,1-1.65,2l-.32.36c-.22.26-.47.51-.71.76l-.14.14-.29.29-.44.45-.29.28a1.59,1.59,0,0,1-.13.13,9.2,9.2,0,0,1-.72.68l-.54.5-.79.73c-.14.11-.27.24-.4.36l-.64.56-.25.24a2.73,2.73,0,0,1-2.13.88,3.24,3.24,0,0,1-2-1.2l-.53-.47-.4-.36-.53-.47c-.9-.8-1.77-1.63-2.62-2.49l-.38-.39A11.73,11.73,0,0,1,7.21,23.4c-.12-.15-.24-.29-.37-.43a20.79,20.79,0,0,1-3-4.44l-.07-.13A12.78,12.78,0,0,1,3,8.66a13.21,13.21,0,0,1,3.1-5l.13-.14a12.23,12.23,0,0,1,6-3.25l.17,0A12.53,12.53,0,0,1,17.71.3ZM12.55,2.11l-.23.05A9.82,9.82,0,0,0,7.65,4.77,1.32,1.32,0,0,1,7.39,5a5.67,5.67,0,0,0-.58.62l-.12.14A10.78,10.78,0,0,0,4.26,11.4l0,.16C3.88,15,5.41,18.24,7.5,20.89l.12.15.13.16.4.48.07.1c.7.83,1.44,1.62,2.21,2.39l.1.1c.32.33.65.65,1,.95l.3.29a6.39,6.39,0,0,0,.54.5l.41.38.52.46.56.5A2.88,2.88,0,0,0,15,28.2a1.19,1.19,0,0,0,.65-.44l.29-.26.15-.14.37-.33.56-.5.55-.5c.89-.78,1.75-1.6,2.58-2.45l.1-.1c.36-.35.7-.71,1-1.09l.16-.2a25.4,25.4,0,0,0,1.92-2.49l.09-.13a11.88,11.88,0,0,0,2.18-8.85,10.31,10.31,0,0,0-2.7-5.37,1.32,1.32,0,0,1-.23-.26,4.76,4.76,0,0,0-.61-.58l-.14-.12A10.81,10.81,0,0,0,16.84,2l-.17,0A10.09,10.09,0,0,0,15,1.86h-.14A9.62,9.62,0,0,0,12.55,2.11Z\"><\/path><path d=\"M19,8.34a5.79,5.79,0,0,1,1.52,4.15,5.7,5.7,0,0,1-1.79,3.91,5.84,5.84,0,0,1-4.31,1.44,4.93,4.93,0,0,1-1.91-.54l-.16-.08a5.88,5.88,0,0,1-1.06-.73l-.1-.08a5.35,5.35,0,0,1-1.79-3.47,6,6,0,0,1,1.22-4.27,5.78,5.78,0,0,1,3.88-2A5.93,5.93,0,0,1,19,8.34ZM12.31,9.53a4,4,0,0,0-1.11,2.69A3.84,3.84,0,0,0,12.38,15l.12.12a3.67,3.67,0,0,0,2.74.94,3.15,3.15,0,0,0,1-.19l.15,0a3.79,3.79,0,0,0,2-1.85,3.79,3.79,0,0,0-6-4.42Z\"><\/path><\/svg>\t\t\t\t\t\t<\/span>\n\t\t\t\t\t\t\t\t\t\t<span class=\"elementor-icon-list-text\">\u0110\u1ecba ch\u1ec9:<\/span>\n\t\t\t\t\t\t\t\t\t<\/li>\n\t\t\t\t\t\t<\/ul>\n\t\t\t\t\t\t<\/div>\n\t\t\t\t<\/div>\n\t\t\t\t<div class=\"elementor-element elementor-element-a977451 elementor-icon-list--layout-traditional elementor-list-item-link-full_width elementor-widget elementor-widget-icon-list\" data-id=\"a977451\" data-element_type=\"widget\" data-settings=\"{&quot;wdt_animation_effect&quot;:&quot;none&quot;}\" data-widget_type=\"icon-list.default\">\n\t\t\t\t<div class=\"elementor-widget-container\">\n\t\t\t\t\t\t\t<ul class=\"elementor-icon-list-items\">\n\t\t\t\t\t\t\t<li class=\"elementor-icon-list-item\">\n\t\t\t\t\t\t\t\t\t\t<span class=\"elementor-icon-list-text\">Khu \u0110\u00f4 Th\u1ecb T\u00e2y H\u1ed3 T\u00e2y, V\u00f5 Ch\u00ed C\u00f4ng, Xu\u00e2n La, T\u00e2y H\u1ed3, H\u00e0 N\u1ed9i<\/span>\n\t\t\t\t\t\t\t\t\t<\/li>\n\t\t\t\t\t\t<\/ul>\n\t\t\t\t\t\t<\/div>\n\t\t\t\t<\/div>\n\t\t\t\t<\/div>\n\t\t<div class=\"elementor-element elementor-element-dd89a3c e-con-full e-flex e-con e-child\" data-id=\"dd89a3c\" data-element_type=\"container\">\n\t\t\t\t<div class=\"elementor-element elementor-element-d4572d4 wdt-contact-details-title elementor-icon-list--layout-traditional elementor-list-item-link-full_width elementor-widget elementor-widget-icon-list\" data-id=\"d4572d4\" data-element_type=\"widget\" data-settings=\"{&quot;wdt_animation_effect&quot;:&quot;none&quot;}\" data-widget_type=\"icon-list.default\">\n\t\t\t\t<div class=\"elementor-widget-container\">\n\t\t\t\t\t\t\t<ul class=\"elementor-icon-list-items\">\n\t\t\t\t\t\t\t<li class=\"elementor-icon-list-item\">\n\t\t\t\t\t\t\t\t\t\t\t<span class=\"elementor-icon-list-icon\">\n\t\t\t\t\t\t\t<svg xmlns=\"http:\/\/www.w3.org\/2000\/svg\" xmlns:xlink=\"http:\/\/www.w3.org\/1999\/xlink\" x=\"0px\" y=\"0px\" viewbox=\"0 0 100 100\" style=\"enable-background:new 0 0 100 100;\" xml:space=\"preserve\"><style type=\"text\/css\">\t.st0{opacity:0.99;enable-background:new    ;}<\/style><path class=\"st0\" d=\"M10.6,5c6.6,0,13.1,0,19.7,0c3.4,1,5.3,3.3,5.7,6.9c0,5.9,1,11.6,2.8,17.2c0.3,1.9,0,3.6-0.9,5.3 c-2.9,3.7-5.7,7.4-8.5,11.2c4,7.9,9.6,14.5,16.7,19.9c2.7,1.9,5.5,3.6,8.3,5.2c3.5-2.7,7.1-5.4,10.6-8.2c1.3-0.8,2.8-1.3,4.4-1.3 c3.3,0.7,6.6,1.5,9.8,2.2c3.3,0.5,6.7,0.8,10,0.9c2.9,0.8,4.8,2.7,5.6,5.5c0,6.6,0,13.1,0,19.7c-0.9,2.9-2.8,4.7-5.6,5.6 c-2.2,0-4.5,0-6.7,0c-28.8-2.6-50.9-16.1-66.2-40.4C9.7,43,5.9,30.6,5,17.3c0-2.2,0-4.5,0-6.7C5.9,7.8,7.8,5.9,10.6,5z\"><\/path><\/svg>\t\t\t\t\t\t<\/span>\n\t\t\t\t\t\t\t\t\t\t<span class=\"elementor-icon-list-text\">\u0110i\u1ec7n tho\u1ea1i:<\/span>\n\t\t\t\t\t\t\t\t\t<\/li>\n\t\t\t\t\t\t<\/ul>\n\t\t\t\t\t\t<\/div>\n\t\t\t\t<\/div>\n\t\t\t\t<div class=\"elementor-element elementor-element-66c8b4d elementor-icon-list--layout-traditional elementor-list-item-link-full_width elementor-widget elementor-widget-icon-list\" data-id=\"66c8b4d\" data-element_type=\"widget\" data-settings=\"{&quot;wdt_animation_effect&quot;:&quot;none&quot;}\" data-widget_type=\"icon-list.default\">\n\t\t\t\t<div class=\"elementor-widget-container\">\n\t\t\t\t\t\t\t<ul class=\"elementor-icon-list-items\">\n\t\t\t\t\t\t\t<li class=\"elementor-icon-list-item\">\n\t\t\t\t\t\t\t\t\t\t\t<a href=\"tel:+0966%2041%2081%2082\">\n\n\t\t\t\t\t\t\t\t\t\t\t<span class=\"elementor-icon-list-text\">0966 41 81 82<\/span>\n\t\t\t\t\t\t\t\t\t\t\t<\/a>\n\t\t\t\t\t\t\t\t\t<\/li>\n\t\t\t\t\t\t<\/ul>\n\t\t\t\t\t\t<\/div>\n\t\t\t\t<\/div>\n\t\t\t\t<\/div>\n\t\t<div class=\"elementor-element elementor-element-12ff2b4 e-con-full e-flex e-con e-child\" data-id=\"12ff2b4\" data-element_type=\"container\">\n\t\t\t\t<div class=\"elementor-element elementor-element-b012b58 wdt-contact-details-title elementor-icon-list--layout-traditional elementor-list-item-link-full_width elementor-widget elementor-widget-icon-list\" data-id=\"b012b58\" data-element_type=\"widget\" data-settings=\"{&quot;wdt_animation_effect&quot;:&quot;none&quot;}\" data-widget_type=\"icon-list.default\">\n\t\t\t\t<div class=\"elementor-widget-container\">\n\t\t\t\t\t\t\t<ul class=\"elementor-icon-list-items\">\n\t\t\t\t\t\t\t<li class=\"elementor-icon-list-item\">\n\t\t\t\t\t\t\t\t\t\t\t<span class=\"elementor-icon-list-icon\">\n\t\t\t\t\t\t\t<svg aria-hidden=\"true\" class=\"e-font-icon-svg e-fas-envelope\" viewbox=\"0 0 512 512\" xmlns=\"http:\/\/www.w3.org\/2000\/svg\"><path d=\"M502.3 190.8c3.9-3.1 9.7-.2 9.7 4.7V400c0 26.5-21.5 48-48 48H48c-26.5 0-48-21.5-48-48V195.6c0-5 5.7-7.8 9.7-4.7 22.4 17.4 52.1 39.5 154.1 113.6 21.1 15.4 56.7 47.8 92.2 47.6 35.7.3 72-32.8 92.3-47.6 102-74.1 131.6-96.3 154-113.7zM256 320c23.2.4 56.6-29.2 73.4-41.4 132.7-96.3 142.8-104.7 173.4-128.7 5.8-4.5 9.2-11.5 9.2-18.9v-19c0-26.5-21.5-48-48-48H48C21.5 64 0 85.5 0 112v19c0 7.4 3.4 14.3 9.2 18.9 30.6 23.9 40.7 32.4 173.4 128.7 16.8 12.2 50.2 41.8 73.4 41.4z\"><\/path><\/svg>\t\t\t\t\t\t<\/span>\n\t\t\t\t\t\t\t\t\t\t<span class=\"elementor-icon-list-text\">Email<\/span>\n\t\t\t\t\t\t\t\t\t<\/li>\n\t\t\t\t\t\t<\/ul>\n\t\t\t\t\t\t<\/div>\n\t\t\t\t<\/div>\n\t\t\t\t<div class=\"elementor-element elementor-element-be5c063 wdt-text-capitalize-iconlist elementor-icon-list--layout-traditional elementor-list-item-link-full_width elementor-widget elementor-widget-icon-list\" data-id=\"be5c063\" data-element_type=\"widget\" data-settings=\"{&quot;wdt_animation_effect&quot;:&quot;none&quot;}\" data-widget_type=\"icon-list.default\">\n\t\t\t\t<div class=\"elementor-widget-container\">\n\t\t\t\t\t\t\t<ul class=\"elementor-icon-list-items\">\n\t\t\t\t\t\t\t<li class=\"elementor-icon-list-item\">\n\t\t\t\t\t\t\t\t\t\t\t<a href=\"mailto:store.handmadegift@gmail.com\">\n\n\t\t\t\t\t\t\t\t\t\t\t<span class=\"elementor-icon-list-text\">store.handmadegift@gmail.com<\/span>\n\t\t\t\t\t\t\t\t\t\t\t<\/a>\n\t\t\t\t\t\t\t\t\t<\/li>\n\t\t\t\t\t\t<\/ul>\n\t\t\t\t\t\t<\/div>\n\t\t\t\t<\/div>\n\t\t\t\t<\/div>\n\t\t\t\t<\/div>\n\t\t\t\t\t<\/div>\n\t\t\t\t<\/div>\n\t\t\t\t<\/div>","protected":false},"excerpt":{"rendered":"<p>Inquiry Form G\u1eedi c\u00e2u h\u1ecfi c\u1ee7a b\u1ea1n \u0110\u1ecba ch\u1ec9: Khu \u0110\u00f4 Th\u1ecb T\u00e2y H\u1ed3 T\u00e2y, V\u00f5 Ch\u00ed C\u00f4ng, Xu\u00e2n La, T\u00e2y H\u1ed3, H\u00e0 N\u1ed9i \u0110i\u1ec7n tho\u1ea1i: 0966 41 81 82 Email store.handmadegift@gmail.com<\/p>","protected":false},"author":1,"featured_media":0,"parent":0,"menu_order":0,"comment_status":"closed","ping_status":"closed","template":"elementor_header_footer","meta":{"footnotes":""},"class_list":["post-228","page","type-page","status-publish","hentry"],"_links":{"self":[{"href":"https:\/\/handmadeshop.vn\/en\/wp-json\/wp\/v2\/pages\/228","targetHints":{"allow":["GET"]}}],"collection":[{"href":"https:\/\/handmadeshop.vn\/en\/wp-json\/wp\/v2\/pages"}],"about":[{"href":"https:\/\/handmadeshop.vn\/en\/wp-json\/wp\/v2\/types\/page"}],"author":[{"embeddable":true,"href":"https:\/\/handmadeshop.vn\/en\/wp-json\/wp\/v2\/users\/1"}],"replies":[{"embeddable":true,"href":"https:\/\/handmadeshop.vn\/en\/wp-json\/wp\/v2\/comments?post=228"}],"version-history":[{"count":10,"href":"https:\/\/handmadeshop.vn\/en\/wp-json\/wp\/v2\/pages\/228\/revisions"}],"predecessor-version":[{"id":2781,"href":"https:\/\/handmadeshop.vn\/en\/wp-json\/wp\/v2\/pages\/228\/revisions\/2781"}],"wp:attachment":[{"href":"https:\/\/handmadeshop.vn\/en\/wp-json\/wp\/v2\/media?parent=228"}],"curies":[{"name":"wp","href":"https:\/\/api.w.org\/{rel}","templated":true}]}}