{"id":226,"date":"2024-08-06T12:10:12","date_gmt":"2024-08-06T12:10:12","guid":{"rendered":"https:\/\/handmadeshop.vn\/?page_id=226"},"modified":"2025-02-20T17:07:28","modified_gmt":"2025-02-20T10:07:28","slug":"gioi-thieu","status":"publish","type":"page","link":"https:\/\/handmadeshop.vn\/en\/gioi-thieu\/","title":{"rendered":"About Us"},"content":{"rendered":"<div data-elementor-type=\"wp-page\" data-elementor-id=\"226\" class=\"elementor elementor-226\">\n\t\t\t\t<div class=\"elementor-element elementor-element-8af80d5 e-flex e-con-boxed e-con e-parent\" data-id=\"8af80d5\" data-element_type=\"container\">\n\t\t\t\t\t<div class=\"e-con-inner\">\n\t\t\t\t<div class=\"elementor-element elementor-element-11a9c5a elementor-widget elementor-widget-heading\" data-id=\"11a9c5a\" data-element_type=\"widget\" data-settings=\"{&quot;wdt_animation_effect&quot;:&quot;none&quot;}\" data-widget_type=\"heading.default\">\n\t\t\t\t<div class=\"elementor-widget-container\">\n\t\t\t\t\t<h2 class=\"elementor-heading-title elementor-size-default\">Gi\u1edbi thi\u1ec7u v\u1ec1 Handmade Shop<\/h2>\t\t\t\t<\/div>\n\t\t\t\t<\/div>\n\t\t\t\t\t<\/div>\n\t\t\t\t<\/div>\n\t\t<div class=\"elementor-element elementor-element-12dd301 e-flex e-con-boxed e-con e-parent\" data-id=\"12dd301\" data-element_type=\"container\">\n\t\t\t\t\t<div class=\"e-con-inner\">\n\t\t\t\t<div class=\"elementor-element elementor-element-680a82a elementor-widget elementor-widget-text-editor\" data-id=\"680a82a\" data-element_type=\"widget\" data-settings=\"{&quot;wdt_animation_effect&quot;:&quot;none&quot;}\" data-widget_type=\"text-editor.default\">\n\t\t\t\t<div class=\"elementor-widget-container\">\n\t\t\t\t\t\t\t\t\t<p>Nh\u00f3m thi\u1ec7n nguy\u1ec7n N\u1ee5 C\u01b0\u1eddi, \u0111\u01b0\u1ee3c th\u00e0nh l\u1eadp t\u1eeb th\u00e1ng 6\/2012, \u0111\u00e3 th\u1ef1c hi\u1ec7n nhi\u1ec1u ho\u1ea1t \u0111\u1ed9ng \u00fd ngh\u0129a nh\u1eb1m gi\u00fap \u0111\u1ee1 c\u1ed9ng \u0111\u1ed3ng, ti\u00eau bi\u1ec3u v\u1edbi c\u00e1c ho\u1ea1t \u0111\u1ed9ng:<\/p><p>&#8211; 2012: Chuy\u1ebfn th\u0103m v\u00e0 t\u1eb7ng qu\u00e0 t\u1ea1i Trung t\u00e2m nu\u00f4i d\u01b0\u1ee1ng ng\u01b0\u1eddi gi\u00e0 v\u00e0 tr\u1ebb t\u00e0n t\u1eadt H\u00e0 N\u1ed9i t\u1ea1i Thu\u1ef5 An, Ba V\u00ec, H\u00e0 N\u1ed9i<\/p><p>&#8211; 2013: T\u1eb7ng qu\u00e0 T\u1ebft cho b\u00e0 con huy\u1ec7n M\u00e8o V\u1ea1c &amp; \u0111\u1ed3n Bi\u00ean ph\u00f2ng L\u0169ng C\u00fa, H\u00e0 Giang<\/p><p><div id='gallery-1' class='gallery galleryid-226 gallery-columns-3 gallery-size-large'><figure class='gallery-item'>\n\t\t\t<div class='gallery-icon landscape'>\n\t\t\t\t<a href='https:\/\/handmadeshop.vn\/wp-content\/uploads\/2025\/02\/TT-Thuy-An.jpeg'><img fetchpriority=\"high\" decoding=\"async\" width=\"1024\" height=\"768\" src=\"https:\/\/handmadeshop.vn\/wp-content\/uploads\/2025\/02\/TT-Thuy-An-1024x768.jpeg\" class=\"attachment-large size-large\" alt=\"\" srcset=\"https:\/\/handmadeshop.vn\/wp-content\/uploads\/2025\/02\/TT-Thuy-An-1024x768.jpeg 1024w, https:\/\/handmadeshop.vn\/wp-content\/uploads\/2025\/02\/TT-Thuy-An-300x225.jpeg 300w, https:\/\/handmadeshop.vn\/wp-content\/uploads\/2025\/02\/TT-Thuy-An-768x576.jpeg 768w, https:\/\/handmadeshop.vn\/wp-content\/uploads\/2025\/02\/TT-Thuy-An-1536x1152.jpeg 1536w, https:\/\/handmadeshop.vn\/wp-content\/uploads\/2025\/02\/TT-Thuy-An-2048x1536.jpeg 2048w, https:\/\/handmadeshop.vn\/wp-content\/uploads\/2025\/02\/TT-Thuy-An-16x12.jpeg 16w, https:\/\/handmadeshop.vn\/wp-content\/uploads\/2025\/02\/TT-Thuy-An-1000x750.jpeg 1000w\" sizes=\"(max-width: 1024px) 100vw, 1024px\" \/><\/a>\n\t\t\t<\/div><\/figure><figure class='gallery-item'>\n\t\t\t<div class='gallery-icon landscape'>\n\t\t\t\t<a href='https:\/\/handmadeshop.vn\/wp-content\/uploads\/2025\/02\/Tang-qua-Thuy-An-scaled.jpeg'><img decoding=\"async\" width=\"1024\" height=\"768\" src=\"https:\/\/handmadeshop.vn\/wp-content\/uploads\/2025\/02\/Tang-qua-Thuy-An-1024x768.jpeg\" class=\"attachment-large size-large\" alt=\"\" srcset=\"https:\/\/handmadeshop.vn\/wp-content\/uploads\/2025\/02\/Tang-qua-Thuy-An-1024x768.jpeg 1024w, https:\/\/handmadeshop.vn\/wp-content\/uploads\/2025\/02\/Tang-qua-Thuy-An-300x225.jpeg 300w, https:\/\/handmadeshop.vn\/wp-content\/uploads\/2025\/02\/Tang-qua-Thuy-An-768x576.jpeg 768w, https:\/\/handmadeshop.vn\/wp-content\/uploads\/2025\/02\/Tang-qua-Thuy-An-1536x1152.jpeg 1536w, https:\/\/handmadeshop.vn\/wp-content\/uploads\/2025\/02\/Tang-qua-Thuy-An-2048x1536.jpeg 2048w, https:\/\/handmadeshop.vn\/wp-content\/uploads\/2025\/02\/Tang-qua-Thuy-An-16x12.jpeg 16w, https:\/\/handmadeshop.vn\/wp-content\/uploads\/2025\/02\/Tang-qua-Thuy-An-1000x750.jpeg 1000w\" sizes=\"(max-width: 1024px) 100vw, 1024px\" \/><\/a>\n\t\t\t<\/div><\/figure><figure class='gallery-item'>\n\t\t\t<div class='gallery-icon landscape'>\n\t\t\t\t<a href='https:\/\/handmadeshop.vn\/wp-content\/uploads\/2025\/02\/Meo-Vac-scaled.jpeg'><img decoding=\"async\" width=\"1024\" height=\"768\" src=\"https:\/\/handmadeshop.vn\/wp-content\/uploads\/2025\/02\/Meo-Vac-1024x768.jpeg\" class=\"attachment-large size-large\" alt=\"\" srcset=\"https:\/\/handmadeshop.vn\/wp-content\/uploads\/2025\/02\/Meo-Vac-1024x768.jpeg 1024w, https:\/\/handmadeshop.vn\/wp-content\/uploads\/2025\/02\/Meo-Vac-300x225.jpeg 300w, https:\/\/handmadeshop.vn\/wp-content\/uploads\/2025\/02\/Meo-Vac-768x576.jpeg 768w, https:\/\/handmadeshop.vn\/wp-content\/uploads\/2025\/02\/Meo-Vac-1536x1152.jpeg 1536w, https:\/\/handmadeshop.vn\/wp-content\/uploads\/2025\/02\/Meo-Vac-2048x1536.jpeg 2048w, https:\/\/handmadeshop.vn\/wp-content\/uploads\/2025\/02\/Meo-Vac-16x12.jpeg 16w, https:\/\/handmadeshop.vn\/wp-content\/uploads\/2025\/02\/Meo-Vac-1000x750.jpeg 1000w\" sizes=\"(max-width: 1024px) 100vw, 1024px\" \/><\/a>\n\t\t\t<\/div><\/figure>\n\t\t<\/div>\n<\/p><p>&#8211; 2014: D\u1ef1ng c\u00e1c \u0111i\u1ec3m tr\u01b0\u1eddng t\u1ea1i th\u00f4n L\u00e0ng Lao, L\u00e0ng Ca, P\u00edn P\u00e9 &amp; l\u00e0m 30km \u0111\u01b0\u1eddng r\u1eebng t\u1ea1i th\u00f4n L\u00e0ng Lao&#8230; x\u00e3 C\u00e1t Th\u1ecbnh, V\u0103n Ch\u1ea5n, Y\u00ean B\u00e1i.<\/p><p>&#8211; 2015: X\u00e2y C\u1ea7u Song Ph\u01b0\u1edbc trong b\u1ea3n s\u00e2u c\u1ee7a Th\u00f4n L\u00e0ng Lao c\u00e1ch \u0111\u01b0\u1eddng l\u1edbn 15km \u0111i b\u1ed9<\/p><p>&#8211; T\u1eeb 2015: C\u00e1c s\u1ea3n ph\u1ea9m Th\u00fa len nh\u1ed3i b\u00f4ng handmade do Nh\u00f3m l\u00e0m \u0111\u01b0\u1ee3c b\u00e1n \u0111\u1ec3 g\u00e2y qu\u1ef9 cho d\u1ef1 \u00e1n T\u1ee7 thu\u1ed1c N\u1ee5 C\u01b0\u1eddi.<\/p><p><div id='gallery-2' class='gallery galleryid-226 gallery-columns-2 gallery-size-large'><figure class='gallery-item'>\n\t\t\t<div class='gallery-icon landscape'>\n\t\t\t\t<a href='https:\/\/handmadeshop.vn\/wp-content\/uploads\/2025\/02\/Handmade-2-scaled.jpeg'><img loading=\"lazy\" decoding=\"async\" width=\"1024\" height=\"490\" src=\"https:\/\/handmadeshop.vn\/wp-content\/uploads\/2025\/02\/Handmade-2-1024x490.jpeg\" class=\"attachment-large size-large\" alt=\"\" srcset=\"https:\/\/handmadeshop.vn\/wp-content\/uploads\/2025\/02\/Handmade-2-1024x490.jpeg 1024w, https:\/\/handmadeshop.vn\/wp-content\/uploads\/2025\/02\/Handmade-2-300x143.jpeg 300w, https:\/\/handmadeshop.vn\/wp-content\/uploads\/2025\/02\/Handmade-2-768x367.jpeg 768w, https:\/\/handmadeshop.vn\/wp-content\/uploads\/2025\/02\/Handmade-2-1536x734.jpeg 1536w, https:\/\/handmadeshop.vn\/wp-content\/uploads\/2025\/02\/Handmade-2-2048x979.jpeg 2048w, https:\/\/handmadeshop.vn\/wp-content\/uploads\/2025\/02\/Handmade-2-18x9.jpeg 18w, https:\/\/handmadeshop.vn\/wp-content\/uploads\/2025\/02\/Handmade-2-1000x478.jpeg 1000w\" sizes=\"(max-width: 1024px) 100vw, 1024px\" \/><\/a>\n\t\t\t<\/div><\/figure><figure class='gallery-item'>\n\t\t\t<div class='gallery-icon landscape'>\n\t\t\t\t<a href='https:\/\/handmadeshop.vn\/wp-content\/uploads\/2025\/02\/Handmade-scaled.jpeg'><img loading=\"lazy\" decoding=\"async\" width=\"1024\" height=\"490\" src=\"https:\/\/handmadeshop.vn\/wp-content\/uploads\/2025\/02\/Handmade-1024x490.jpeg\" class=\"attachment-large size-large\" alt=\"\" srcset=\"https:\/\/handmadeshop.vn\/wp-content\/uploads\/2025\/02\/Handmade-1024x490.jpeg 1024w, https:\/\/handmadeshop.vn\/wp-content\/uploads\/2025\/02\/Handmade-300x143.jpeg 300w, https:\/\/handmadeshop.vn\/wp-content\/uploads\/2025\/02\/Handmade-768x367.jpeg 768w, https:\/\/handmadeshop.vn\/wp-content\/uploads\/2025\/02\/Handmade-1536x734.jpeg 1536w, https:\/\/handmadeshop.vn\/wp-content\/uploads\/2025\/02\/Handmade-2048x979.jpeg 2048w, https:\/\/handmadeshop.vn\/wp-content\/uploads\/2025\/02\/Handmade-18x9.jpeg 18w, https:\/\/handmadeshop.vn\/wp-content\/uploads\/2025\/02\/Handmade-1000x478.jpeg 1000w\" sizes=\"(max-width: 1024px) 100vw, 1024px\" \/><\/a>\n\t\t\t<\/div><\/figure>\n\t\t<\/div>\n<\/p><p>&#8211; T\u1eeb 2016- 2019: C\u00e1c ho\u1ea1t \u0111\u1ed9ng t\u1eb7ng qu\u1ea7n \u00e1o, th\u1ef1c ph\u1ea9m thi\u1ebft y\u1ebfu v\u00e0 thu\u1ed1c ch\u1eefa b\u1ec7nh cho c\u00e1c trung t\u00e2m khuy\u1ebft t\u1eadt, tr\u1ea1i tr\u1ebb m\u1ed3 c\u00f4i, c\u00e1c m\u00e1i \u1ea5m, trung t\u00e2m b\u1ea3o tr\u1ee3 x\u00e3 h\u1ed9i t\u1ea1i H\u00e0 N\u1ed9i, Nam \u0110\u1ecbnh, Ninh B\u00ecnh, Ho\u00e0 B\u00ecnh, Y\u00ean B\u00e1i, L\u00e0o Cai, H\u00e0 Giang, Ngh\u1ec7 An&#8230;.&amp; t\u1eb7ng qu\u00e0 cho b\u1ec7nh nhi t\u1ea1i Vi\u1ec7n Huy\u1ebft h\u1ecdc v\u00e0 truy\u1ec1n m\u00e1u trung \u01b0\u01a1ng.<\/p><p><img loading=\"lazy\" decoding=\"async\" class=\"aligncenter wp-image-2364\" src=\"https:\/\/handmadeshop.vn\/wp-content\/uploads\/2025\/02\/Tang-qua-Vien-Huyet-hoc-2-225x300.jpeg\" alt=\"\" width=\"600\" height=\"800\" srcset=\"https:\/\/handmadeshop.vn\/wp-content\/uploads\/2025\/02\/Tang-qua-Vien-Huyet-hoc-2-225x300.jpeg 225w, https:\/\/handmadeshop.vn\/wp-content\/uploads\/2025\/02\/Tang-qua-Vien-Huyet-hoc-2-768x1024.jpeg 768w, https:\/\/handmadeshop.vn\/wp-content\/uploads\/2025\/02\/Tang-qua-Vien-Huyet-hoc-2-1152x1536.jpeg 1152w, https:\/\/handmadeshop.vn\/wp-content\/uploads\/2025\/02\/Tang-qua-Vien-Huyet-hoc-2-1536x2048.jpeg 1536w, https:\/\/handmadeshop.vn\/wp-content\/uploads\/2025\/02\/Tang-qua-Vien-Huyet-hoc-2-9x12.jpeg 9w, https:\/\/handmadeshop.vn\/wp-content\/uploads\/2025\/02\/Tang-qua-Vien-Huyet-hoc-2-1000x1333.jpeg 1000w, https:\/\/handmadeshop.vn\/wp-content\/uploads\/2025\/02\/Tang-qua-Vien-Huyet-hoc-2-scaled.jpeg 1920w\" sizes=\"(max-width: 600px) 100vw, 600px\" \/><\/p><p>&#8211; 2018: Tr\u00edch ti\u1ec1n t\u1eeb b\u00e1n th\u00fa nh\u1ed3i b\u00f4ng \u0111\u1ec3 t\u1eb7ng g\u00e0 gi\u1ed1ng, th\u1ecf gi\u1ed1ng cho c\u00f4 nhi vi\u1ec7n Th\u00e1nh T\u00e2m v\u00e0 m\u1ed9t s\u1ed1 gia \u0111\u00ecnh c\u00f3 ho\u00e0n c\u1ea3nh kh\u00f3 kh\u0103n.<\/p><p>&#8211; \u0110\u1eb7c bi\u1ec7t t\u1eeb Th\u00e1ng 5 &#8211; Th\u00e1ng 12\/2018 nh\u00f3m \u0111\u00e3 n\u1ea5u 1.478 su\u1ea5t c\u01a1m h\u1ed7 tr\u1ee3 ng\u01b0\u1eddi nh\u00e0 v\u00e0 b\u1ec7nh nh\u00e2n khoa Tim nhi &#8211; b\u1ec7nh vi\u1ec7n E trung \u01b0\u01a1ng.<\/p><p><div id='gallery-3' class='gallery galleryid-226 gallery-columns-3 gallery-size-large'><figure class='gallery-item'>\n\t\t\t<div class='gallery-icon landscape'>\n\t\t\t\t<a href='https:\/\/handmadeshop.vn\/wp-content\/uploads\/2025\/02\/Tang-qua-Vien-Huyet-hoc-scaled.jpeg'><img loading=\"lazy\" decoding=\"async\" width=\"1024\" height=\"768\" src=\"https:\/\/handmadeshop.vn\/wp-content\/uploads\/2025\/02\/Tang-qua-Vien-Huyet-hoc-1024x768.jpeg\" class=\"attachment-large size-large\" alt=\"\" srcset=\"https:\/\/handmadeshop.vn\/wp-content\/uploads\/2025\/02\/Tang-qua-Vien-Huyet-hoc-1024x768.jpeg 1024w, https:\/\/handmadeshop.vn\/wp-content\/uploads\/2025\/02\/Tang-qua-Vien-Huyet-hoc-300x225.jpeg 300w, https:\/\/handmadeshop.vn\/wp-content\/uploads\/2025\/02\/Tang-qua-Vien-Huyet-hoc-768x576.jpeg 768w, https:\/\/handmadeshop.vn\/wp-content\/uploads\/2025\/02\/Tang-qua-Vien-Huyet-hoc-1536x1152.jpeg 1536w, https:\/\/handmadeshop.vn\/wp-content\/uploads\/2025\/02\/Tang-qua-Vien-Huyet-hoc-2048x1536.jpeg 2048w, https:\/\/handmadeshop.vn\/wp-content\/uploads\/2025\/02\/Tang-qua-Vien-Huyet-hoc-16x12.jpeg 16w, https:\/\/handmadeshop.vn\/wp-content\/uploads\/2025\/02\/Tang-qua-Vien-Huyet-hoc-1000x750.jpeg 1000w\" sizes=\"(max-width: 1024px) 100vw, 1024px\" \/><\/a>\n\t\t\t<\/div><\/figure><figure class='gallery-item'>\n\t\t\t<div class='gallery-icon landscape'>\n\t\t\t\t<a href='https:\/\/handmadeshop.vn\/wp-content\/uploads\/2025\/02\/Tang-com-scaled.jpeg'><img loading=\"lazy\" decoding=\"async\" width=\"1024\" height=\"768\" src=\"https:\/\/handmadeshop.vn\/wp-content\/uploads\/2025\/02\/Tang-com-1024x768.jpeg\" class=\"attachment-large size-large\" alt=\"\" srcset=\"https:\/\/handmadeshop.vn\/wp-content\/uploads\/2025\/02\/Tang-com-1024x768.jpeg 1024w, https:\/\/handmadeshop.vn\/wp-content\/uploads\/2025\/02\/Tang-com-300x225.jpeg 300w, https:\/\/handmadeshop.vn\/wp-content\/uploads\/2025\/02\/Tang-com-768x576.jpeg 768w, https:\/\/handmadeshop.vn\/wp-content\/uploads\/2025\/02\/Tang-com-1536x1152.jpeg 1536w, https:\/\/handmadeshop.vn\/wp-content\/uploads\/2025\/02\/Tang-com-2048x1536.jpeg 2048w, https:\/\/handmadeshop.vn\/wp-content\/uploads\/2025\/02\/Tang-com-16x12.jpeg 16w, https:\/\/handmadeshop.vn\/wp-content\/uploads\/2025\/02\/Tang-com-1000x750.jpeg 1000w\" sizes=\"(max-width: 1024px) 100vw, 1024px\" \/><\/a>\n\t\t\t<\/div><\/figure>\n\t\t<\/div>\n<\/p><p>&#8211; 2020 &#8211; 2022: Tham gia c\u00f4ng t\u00e1c ch\u1ed1ng d\u1ecbch Covid, h\u1ed7 tr\u1ee3 th\u1ef1c ph\u1ea9m thi\u1ebft y\u1ebfu t\u1ea1i c\u00e1c \u0111i\u1ec3m t\u00e2m d\u1ecbch \u1edf qu\u1eadn C\u1ea7u Gi\u1ea5y, Ba \u0110\u00ecnh (H\u00e0 N\u1ed9i).<br \/>&#8211; 2022- nay: Duy tr\u00ec c\u00e1c ho\u1ea1t \u0111\u1ed9ng T\u1ee7 thu\u1ed1c N\u1ee5 C\u01b0\u1eddi v\u00e0 c\u00e1c ho\u1ea1t \u0111\u1ed9ng c\u1ee9u tr\u1ee3 b\u00e0 con c\u00e1c t\u1ec9nh g\u1eb7p thi\u00ean tai, b\u00e3o l\u0169 \u1edf Y\u00ean B\u00e1i, Ph\u00fa Th\u1ecd, L\u00e0o Cai, B\u1eafc Giang, V\u0129nh Ph\u00fac&#8230;.<\/p><p><div id='gallery-4' class='gallery galleryid-226 gallery-columns-2 gallery-size-large'><figure class='gallery-item'>\n\t\t\t<div class='gallery-icon landscape'>\n\t\t\t\t<a href='https:\/\/handmadeshop.vn\/wp-content\/uploads\/2025\/02\/TT-Vi-Ngay-Mai-2-scaled.jpeg'><img loading=\"lazy\" decoding=\"async\" width=\"1024\" height=\"490\" src=\"https:\/\/handmadeshop.vn\/wp-content\/uploads\/2025\/02\/TT-Vi-Ngay-Mai-2-1024x490.jpeg\" class=\"attachment-large size-large\" alt=\"\" srcset=\"https:\/\/handmadeshop.vn\/wp-content\/uploads\/2025\/02\/TT-Vi-Ngay-Mai-2-1024x490.jpeg 1024w, https:\/\/handmadeshop.vn\/wp-content\/uploads\/2025\/02\/TT-Vi-Ngay-Mai-2-300x143.jpeg 300w, https:\/\/handmadeshop.vn\/wp-content\/uploads\/2025\/02\/TT-Vi-Ngay-Mai-2-768x367.jpeg 768w, https:\/\/handmadeshop.vn\/wp-content\/uploads\/2025\/02\/TT-Vi-Ngay-Mai-2-1536x734.jpeg 1536w, https:\/\/handmadeshop.vn\/wp-content\/uploads\/2025\/02\/TT-Vi-Ngay-Mai-2-2048x979.jpeg 2048w, https:\/\/handmadeshop.vn\/wp-content\/uploads\/2025\/02\/TT-Vi-Ngay-Mai-2-18x9.jpeg 18w, https:\/\/handmadeshop.vn\/wp-content\/uploads\/2025\/02\/TT-Vi-Ngay-Mai-2-1000x478.jpeg 1000w\" sizes=\"(max-width: 1024px) 100vw, 1024px\" \/><\/a>\n\t\t\t<\/div><\/figure><figure class='gallery-item'>\n\t\t\t<div class='gallery-icon landscape'>\n\t\t\t\t<a href='https:\/\/handmadeshop.vn\/wp-content\/uploads\/2025\/02\/TT-Vi-Ngay-Mai-3-scaled.jpeg'><img loading=\"lazy\" decoding=\"async\" width=\"1024\" height=\"490\" src=\"https:\/\/handmadeshop.vn\/wp-content\/uploads\/2025\/02\/TT-Vi-Ngay-Mai-3-1024x490.jpeg\" class=\"attachment-large size-large\" alt=\"\" srcset=\"https:\/\/handmadeshop.vn\/wp-content\/uploads\/2025\/02\/TT-Vi-Ngay-Mai-3-1024x490.jpeg 1024w, https:\/\/handmadeshop.vn\/wp-content\/uploads\/2025\/02\/TT-Vi-Ngay-Mai-3-300x143.jpeg 300w, https:\/\/handmadeshop.vn\/wp-content\/uploads\/2025\/02\/TT-Vi-Ngay-Mai-3-768x367.jpeg 768w, https:\/\/handmadeshop.vn\/wp-content\/uploads\/2025\/02\/TT-Vi-Ngay-Mai-3-1536x734.jpeg 1536w, https:\/\/handmadeshop.vn\/wp-content\/uploads\/2025\/02\/TT-Vi-Ngay-Mai-3-2048x979.jpeg 2048w, https:\/\/handmadeshop.vn\/wp-content\/uploads\/2025\/02\/TT-Vi-Ngay-Mai-3-18x9.jpeg 18w, https:\/\/handmadeshop.vn\/wp-content\/uploads\/2025\/02\/TT-Vi-Ngay-Mai-3-1000x478.jpeg 1000w\" sizes=\"(max-width: 1024px) 100vw, 1024px\" \/><\/a>\n\t\t\t<\/div><\/figure><figure class='gallery-item'>\n\t\t\t<div class='gallery-icon landscape'>\n\t\t\t\t<a href='https:\/\/handmadeshop.vn\/wp-content\/uploads\/2025\/02\/Co-nhi-vien-Bui-Chu-2.jpeg'><img loading=\"lazy\" decoding=\"async\" width=\"1024\" height=\"490\" src=\"https:\/\/handmadeshop.vn\/wp-content\/uploads\/2025\/02\/Co-nhi-vien-Bui-Chu-2-1024x490.jpeg\" class=\"attachment-large size-large\" alt=\"\" srcset=\"https:\/\/handmadeshop.vn\/wp-content\/uploads\/2025\/02\/Co-nhi-vien-Bui-Chu-2-1024x490.jpeg 1024w, https:\/\/handmadeshop.vn\/wp-content\/uploads\/2025\/02\/Co-nhi-vien-Bui-Chu-2-300x143.jpeg 300w, https:\/\/handmadeshop.vn\/wp-content\/uploads\/2025\/02\/Co-nhi-vien-Bui-Chu-2-768x367.jpeg 768w, https:\/\/handmadeshop.vn\/wp-content\/uploads\/2025\/02\/Co-nhi-vien-Bui-Chu-2-1536x734.jpeg 1536w, https:\/\/handmadeshop.vn\/wp-content\/uploads\/2025\/02\/Co-nhi-vien-Bui-Chu-2-2048x979.jpeg 2048w, https:\/\/handmadeshop.vn\/wp-content\/uploads\/2025\/02\/Co-nhi-vien-Bui-Chu-2-18x9.jpeg 18w, https:\/\/handmadeshop.vn\/wp-content\/uploads\/2025\/02\/Co-nhi-vien-Bui-Chu-2-1000x478.jpeg 1000w\" sizes=\"(max-width: 1024px) 100vw, 1024px\" \/><\/a>\n\t\t\t<\/div><\/figure><figure class='gallery-item'>\n\t\t\t<div class='gallery-icon landscape'>\n\t\t\t\t<a href='https:\/\/handmadeshop.vn\/wp-content\/uploads\/2025\/02\/Co-nhi-vien-Bui-Chu-scaled.jpeg'><img loading=\"lazy\" decoding=\"async\" width=\"1024\" height=\"490\" src=\"https:\/\/handmadeshop.vn\/wp-content\/uploads\/2025\/02\/Co-nhi-vien-Bui-Chu-1024x490.jpeg\" class=\"attachment-large size-large\" alt=\"\" srcset=\"https:\/\/handmadeshop.vn\/wp-content\/uploads\/2025\/02\/Co-nhi-vien-Bui-Chu-1024x490.jpeg 1024w, https:\/\/handmadeshop.vn\/wp-content\/uploads\/2025\/02\/Co-nhi-vien-Bui-Chu-300x143.jpeg 300w, https:\/\/handmadeshop.vn\/wp-content\/uploads\/2025\/02\/Co-nhi-vien-Bui-Chu-768x367.jpeg 768w, https:\/\/handmadeshop.vn\/wp-content\/uploads\/2025\/02\/Co-nhi-vien-Bui-Chu-1536x734.jpeg 1536w, https:\/\/handmadeshop.vn\/wp-content\/uploads\/2025\/02\/Co-nhi-vien-Bui-Chu-2048x979.jpeg 2048w, https:\/\/handmadeshop.vn\/wp-content\/uploads\/2025\/02\/Co-nhi-vien-Bui-Chu-18x9.jpeg 18w, https:\/\/handmadeshop.vn\/wp-content\/uploads\/2025\/02\/Co-nhi-vien-Bui-Chu-1000x478.jpeg 1000w\" sizes=\"(max-width: 1024px) 100vw, 1024px\" \/><\/a>\n\t\t\t<\/div><\/figure>\n\t\t<\/div>\n<\/p><p>T\u1eeb nh\u1eefng ho\u1ea1t \u0111\u1ed9ng th\u1ef1c t\u1ebf c\u1ee7a nh\u00f3m ch\u00fang t\u00f4i quy\u1ebft \u0111\u1ecbnh th\u00e0nh l\u1eadp D\u1ef1 \u00e1n C\u1ed9ng \u0111\u1ed3ng Handmade Shop \u0111\u1ec3 k\u1ebft n\u1ed1i \u0111\u01b0a nh\u1eefng s\u1ea3n ph\u1ea9m Handmade c\u1ee7a c\u00e1c b\u1ea1n khuy\u1ebft t\u1eadt t\u1ea1i \u0111\u1ecba ph\u01b0\u01a1ng v\u00e0 c\u00e1c s\u1ea3n ph\u1ea9m th\u00fa len nh\u1ed3i b\u00f4ng c\u1ee7a nh\u00f3m t\u1edbi ng\u01b0\u1eddi ti\u00eau d\u00f9ng Vi\u1ec7t Nam c\u0169ng nh\u01b0 b\u1ea1n b\u00e8 qu\u1ed1c t\u1ebf. Doanh thu t\u1eeb d\u1ef1 \u00e1n s\u1ebd \u0111\u01b0\u1ee3c tr\u00edch m\u1ed9t ph\u1ea7n v\u00e0o d\u1ef1 \u00e1n T\u1ee7 thu\u1ed1c N\u1ee5 C\u01b0\u1eddi \u0111\u1ec3 ti\u1ebfp t\u1ee5c h\u00e0nh tr\u00ecnh thi\u1ec7n nguy\u1ec7n y\u00eau th\u01b0\u01a1ng h\u01a1n 10 n\u0103m qua c\u1ee7a nh\u00f3m.<\/p><p><img loading=\"lazy\" decoding=\"async\" class=\"aligncenter wp-image-2367\" src=\"https:\/\/handmadeshop.vn\/wp-content\/uploads\/2025\/02\/TT-Vi-ngay-mai-300x275.jpeg\" alt=\"\" width=\"600\" height=\"550\" srcset=\"https:\/\/handmadeshop.vn\/wp-content\/uploads\/2025\/02\/TT-Vi-ngay-mai-300x275.jpeg 300w, https:\/\/handmadeshop.vn\/wp-content\/uploads\/2025\/02\/TT-Vi-ngay-mai-768x704.jpeg 768w, https:\/\/handmadeshop.vn\/wp-content\/uploads\/2025\/02\/TT-Vi-ngay-mai-13x12.jpeg 13w, https:\/\/handmadeshop.vn\/wp-content\/uploads\/2025\/02\/TT-Vi-ngay-mai.jpeg 960w\" sizes=\"(max-width: 600px) 100vw, 600px\" \/><\/p><p>Handmadeshop l\u00e0 n\u01a1i m\u00e0 nh\u1eefng c\u00e2u chuy\u1ec7n \u0111\u01b0\u1ee3c k\u1ec3 qua t\u1eebng s\u1ea3n ph\u1ea9m, n\u01a1i m\u00e0 nh\u1eefng ng\u01b0\u1eddi g\u1eb7p kh\u00f3 kh\u0103n c\u00f3 th\u1ec3 t\u00ecm th\u1ea5y hy v\u1ecdng v\u00e0 c\u01a1 h\u1ed9i. Khi b\u1ea1n ch\u1ecdn mua \u0111\u1ed3 handmade t\u1ea1i \u0111\u00e2y, b\u1ea1n kh\u00f4ng ch\u1ec9 mua m\u1ed9t m\u00f3n h\u00e0ng, m\u00e0 c\u00f2n tham gia v\u00e0o h\u00e0nh tr\u00ecnh mang l\u1ea1i \u00fd ngh\u0129a v\u00e0 m\u00e0u s\u1eafc cho cu\u1ed9c s\u1ed1ng c\u1ee7a nh\u1eefng con ng\u01b0\u1eddi d\u0169ng c\u1ea3m. H\u00e3y c\u00f9ng ch\u00fang t\u00f4i lan t\u1ecfa y\u00eau th\u01b0\u01a1ng v\u00e0 bi\u1ebfn nh\u1eefng \u01b0\u1edbc m\u01a1 th\u00e0nh hi\u1ec7n th\u1ef1c!<\/p>\t\t\t\t\t\t\t\t<\/div>\n\t\t\t\t<\/div>\n\t\t\t\t\t<\/div>\n\t\t\t\t<\/div>\n\t\t<div class=\"elementor-element elementor-element-9174a42 e-flex e-con-boxed e-con e-parent\" data-id=\"9174a42\" data-element_type=\"container\">\n\t\t\t\t\t<div class=\"e-con-inner\">\n\t\t\t\t<div class=\"elementor-element elementor-element-e4e57fd elementor-position-top elementor-widget elementor-widget-image-box\" data-id=\"e4e57fd\" data-element_type=\"widget\" data-settings=\"{&quot;wdt_animation_effect&quot;:&quot;none&quot;}\" data-widget_type=\"image-box.default\">\n\t\t\t\t<div class=\"elementor-widget-container\">\n\t\t\t\t\t<div class=\"elementor-image-box-wrapper\"><figure class=\"elementor-image-box-img\"><img loading=\"lazy\" decoding=\"async\" width=\"1920\" height=\"2560\" src=\"https:\/\/handmadeshop.vn\/wp-content\/uploads\/2024\/10\/Vi-tho-cam-Viet-Nam-23x12-2-scaled.jpg\" class=\"attachment-full size-full wp-image-1413\" alt=\"\" srcset=\"https:\/\/handmadeshop.vn\/wp-content\/uploads\/2024\/10\/Vi-tho-cam-Viet-Nam-23x12-2-scaled.jpg 1920w, https:\/\/handmadeshop.vn\/wp-content\/uploads\/2024\/10\/Vi-tho-cam-Viet-Nam-23x12-2-225x300.jpg 225w, https:\/\/handmadeshop.vn\/wp-content\/uploads\/2024\/10\/Vi-tho-cam-Viet-Nam-23x12-2-768x1024.jpg 768w, https:\/\/handmadeshop.vn\/wp-content\/uploads\/2024\/10\/Vi-tho-cam-Viet-Nam-23x12-2-1152x1536.jpg 1152w, https:\/\/handmadeshop.vn\/wp-content\/uploads\/2024\/10\/Vi-tho-cam-Viet-Nam-23x12-2-1536x2048.jpg 1536w, https:\/\/handmadeshop.vn\/wp-content\/uploads\/2024\/10\/Vi-tho-cam-Viet-Nam-23x12-2-1000x1333.jpg 1000w\" sizes=\"(max-width: 1920px) 100vw, 1920px\" \/><\/figure><\/div>\t\t\t\t<\/div>\n\t\t\t\t<\/div>\n\t\t\t\t\t<\/div>\n\t\t\t\t<\/div>\n\t\t\t\t<\/div>","protected":false},"excerpt":{"rendered":"<p>Gi\u1edbi thi\u1ec7u v\u1ec1 Handmade Shop Nh\u00f3m thi\u1ec7n nguy\u1ec7n N\u1ee5 C\u01b0\u1eddi, \u0111\u01b0\u1ee3c th\u00e0nh l\u1eadp t\u1eeb th\u00e1ng 6\/2012, \u0111\u00e3 th\u1ef1c hi\u1ec7n nhi\u1ec1u ho\u1ea1t \u0111\u1ed9ng \u00fd ngh\u0129a nh\u1eb1m gi\u00fap \u0111\u1ee1 c\u1ed9ng \u0111\u1ed3ng, ti\u00eau bi\u1ec3u v\u1edbi c\u00e1c ho\u1ea1t \u0111\u1ed9ng: &#8211; 2012: Chuy\u1ebfn th\u0103m v\u00e0 t\u1eb7ng qu\u00e0 t\u1ea1i Trung t\u00e2m nu\u00f4i d\u01b0\u1ee1ng ng\u01b0\u1eddi gi\u00e0 v\u00e0 tr\u1ebb t\u00e0n t\u1eadt H\u00e0 N\u1ed9i [&hellip;]<\/p>","protected":false},"author":1,"featured_media":0,"parent":0,"menu_order":0,"comment_status":"closed","ping_status":"closed","template":"","meta":{"footnotes":""},"class_list":["post-226","page","type-page","status-publish","hentry"],"_links":{"self":[{"href":"https:\/\/handmadeshop.vn\/en\/wp-json\/wp\/v2\/pages\/226","targetHints":{"allow":["GET"]}}],"collection":[{"href":"https:\/\/handmadeshop.vn\/en\/wp-json\/wp\/v2\/pages"}],"about":[{"href":"https:\/\/handmadeshop.vn\/en\/wp-json\/wp\/v2\/types\/page"}],"author":[{"embeddable":true,"href":"https:\/\/handmadeshop.vn\/en\/wp-json\/wp\/v2\/users\/1"}],"replies":[{"embeddable":true,"href":"https:\/\/handmadeshop.vn\/en\/wp-json\/wp\/v2\/comments?post=226"}],"version-history":[{"count":29,"href":"https:\/\/handmadeshop.vn\/en\/wp-json\/wp\/v2\/pages\/226\/revisions"}],"predecessor-version":[{"id":2395,"href":"https:\/\/handmadeshop.vn\/en\/wp-json\/wp\/v2\/pages\/226\/revisions\/2395"}],"wp:attachment":[{"href":"https:\/\/handmadeshop.vn\/en\/wp-json\/wp\/v2\/media?parent=226"}],"curies":[{"name":"wp","href":"https:\/\/api.w.org\/{rel}","templated":true}]}}